{"id":410,"date":"2025-06-21T20:03:34","date_gmt":"2025-06-21T20:03:34","guid":{"rendered":"https:\/\/airplus-al.com\/product\/4amw-72u4rjc\/"},"modified":"2026-02-12T13:04:34","modified_gmt":"2026-02-12T13:04:34","slug":"4amw-72u4rjc","status":"publish","type":"product","link":"https:\/\/airplus-al.com\/en\/product\/4amw-72u4rjc\/","title":{"rendered":"4AMW-72U4RJC"},"content":{"rendered":"<ul>\n<li>Multisplit Inverter<\/li>\n<li>1 nj\u00ebsi e jashtme me 4 nj\u00ebsi t\u00eb brendshme<\/li>\n<li>Kursim hap\u00ebsire dhe energjie<\/li>\n<li>Kapacitete t\u00eb ndryshme p\u00ebr \u00e7do nj\u00ebsi t\u00eb brendshme<\/li>\n<li>P\u00ebrshtatje me ambiente t\u00eb ndryshme<\/li>\n<li>Gama e nj\u00ebsive t\u00eb brendshme: murale, dysheme, kaset\u00eb n\u00eb tavan<\/li>\n<li>Instalim fleksib\u00ebl dhe efikas<\/li>\n<\/ul>","protected":false},"excerpt":{"rendered":"<p>Sistemet Multisplit Inverter \u2013 Hisense<\/p>\n<p>Zgjidhje fleksib\u00ebl dhe efikase p\u00ebr \u00e7do ambient.<br \/>\nSistemet Multisplit Inverter t\u00eb Hisense ju lejojn\u00eb t\u00eb lidhni 1 nj\u00ebsi t\u00eb jashtme me 2 deri n\u00eb 5 nj\u00ebsi t\u00eb brendshme, duke kursyer hap\u00ebsir\u00eb dhe energji n\u00eb instalim dhe funksionim.<br \/>\nKapacitetet e nj\u00ebsive t\u00eb brendshme mund t\u00eb jen\u00eb t\u00eb ndryshme, sipas nevojave t\u00eb \u00e7do ambienti.<\/p>\n<p>Hisense ofron nj\u00eb gam\u00eb t\u00eb gjer\u00eb nj\u00ebsish t\u00eb brendshme, t\u00eb p\u00ebrshtatshme p\u00ebr \u00e7do stil dhe funksionalitet t\u00eb brendsh\u00ebm \u2013 nga dyshemeja, deri tek modelet murale apo kasetat n\u00eb tavan.<\/p>\n<p>&nbsp;<\/p>\n<p>Kujdes! \u00c7mimi \u00ebsht\u00eb vet\u00ebm p\u00ebr nj\u00ebsin\u00eb e jashtme. P\u00ebr m\u00eb shum\u00eb informacion na kontaktoni.<\/p>","protected":false},"featured_media":841,"comment_status":"closed","ping_status":"closed","template":"","meta":[],"product_brand":[119],"product_cat":[125],"product_tag":[92,91,39,38,104,80],"class_list":{"0":"post-410","1":"product","2":"type-product","3":"status-publish","4":"has-post-thumbnail","6":"product_brand-hisense","7":"product_cat-2-njesi-multisplit-sistemi","8":"product_tag-4-njesi","9":"product_tag-7-2-kw","10":"product_tag-a-3","11":"product_tag-a","12":"product_tag-hisense","13":"product_tag-multisplit","14":"pa_eficenca-energjitike-ftohje-ftohje-a-2","15":"pa_eficenca-energjitike-ngrohje-ngrohje-a1","16":"pa_kapaciteti-ne-kw-7-2-kw","17":"pa_ngjyra-e-bardhe","19":"first","20":"instock","21":"taxable","22":"shipping-taxable","23":"product-type-simple"},"yoast_head":"<!-- This site is optimized with the Yoast SEO plugin v27.4 - https:\/\/yoast.com\/product\/yoast-seo-wordpress\/ -->\n<title>4AMW-72U4RJC - Airplus<\/title>\n<meta name=\"description\" content=\"Sistemet Multisplit Inverter \u2013 Hisense | 1 nj\u00ebsi e jashtme = 4 nj\u00ebsi t\u00eb brendshme. Airplus Clima +355 (0) 69 206 3368, Rrethrrotullimi Shkoder-Lezhe\" \/>\n<meta name=\"robots\" content=\"index, follow, max-snippet:-1, max-image-preview:large, max-video-preview:-1\" \/>\n<link rel=\"canonical\" href=\"https:\/\/airplus-al.com\/en\/product\/4amw-72u4rjc\/\" \/>\n<meta property=\"og:locale\" content=\"en_GB\" \/>\n<meta property=\"og:type\" content=\"article\" \/>\n<meta property=\"og:title\" content=\"4AMW-72U4RJC - Airplus\" \/>\n<meta property=\"og:description\" content=\"Sistemet Multisplit Inverter \u2013 Hisense | 1 nj\u00ebsi e jashtme = 4 nj\u00ebsi t\u00eb brendshme. Airplus Clima +355 (0) 69 206 3368, Rrethrrotullimi Shkoder-Lezhe\" \/>\n<meta property=\"og:url\" content=\"https:\/\/airplus-al.com\/en\/product\/4amw-72u4rjc\/\" \/>\n<meta property=\"og:site_name\" content=\"Airplus\" \/>\n<meta property=\"article:modified_time\" content=\"2026-02-12T13:04:34+00:00\" \/>\n<meta property=\"og:image\" content=\"https:\/\/airplus-al.com\/wp-content\/uploads\/2025\/06\/4AMW-72U4RJC.png\" \/>\n\t<meta property=\"og:image:width\" content=\"550\" \/>\n\t<meta property=\"og:image:height\" content=\"470\" \/>\n\t<meta property=\"og:image:type\" content=\"image\/png\" \/>\n<meta name=\"twitter:card\" content=\"summary_large_image\" \/>\n<meta name=\"twitter:label1\" content=\"Estimated reading time\" \/>\n\t<meta name=\"twitter:data1\" content=\"1 minute\" \/>\n<script type=\"application\/ld+json\" class=\"yoast-schema-graph\">{\"@context\":\"https:\\\/\\\/schema.org\",\"@graph\":[{\"@type\":\"WebPage\",\"@id\":\"https:\\\/\\\/airplus-al.com\\\/product\\\/4amw-72u4rjc\\\/\",\"url\":\"https:\\\/\\\/airplus-al.com\\\/product\\\/4amw-72u4rjc\\\/\",\"name\":\"4AMW-72U4RJC - Airplus\",\"isPartOf\":{\"@id\":\"https:\\\/\\\/airplus-al.com\\\/#website\"},\"primaryImageOfPage\":{\"@id\":\"https:\\\/\\\/airplus-al.com\\\/product\\\/4amw-72u4rjc\\\/#primaryimage\"},\"image\":{\"@id\":\"https:\\\/\\\/airplus-al.com\\\/product\\\/4amw-72u4rjc\\\/#primaryimage\"},\"thumbnailUrl\":\"https:\\\/\\\/airplus-al.com\\\/wp-content\\\/uploads\\\/2025\\\/06\\\/4AMW-72U4RJC.png\",\"datePublished\":\"2025-06-21T20:03:34+00:00\",\"dateModified\":\"2026-02-12T13:04:34+00:00\",\"description\":\"Sistemet Multisplit Inverter \u2013 Hisense | 1 nj\u00ebsi e jashtme = 4 nj\u00ebsi t\u00eb brendshme. Airplus Clima +355 (0) 69 206 3368, Rrethrrotullimi Shkoder-Lezhe\",\"breadcrumb\":{\"@id\":\"https:\\\/\\\/airplus-al.com\\\/product\\\/4amw-72u4rjc\\\/#breadcrumb\"},\"inLanguage\":\"en-GB\",\"potentialAction\":[{\"@type\":\"ReadAction\",\"target\":[\"https:\\\/\\\/airplus-al.com\\\/product\\\/4amw-72u4rjc\\\/\"]}]},{\"@type\":\"ImageObject\",\"inLanguage\":\"en-GB\",\"@id\":\"https:\\\/\\\/airplus-al.com\\\/product\\\/4amw-72u4rjc\\\/#primaryimage\",\"url\":\"https:\\\/\\\/airplus-al.com\\\/wp-content\\\/uploads\\\/2025\\\/06\\\/4AMW-72U4RJC.png\",\"contentUrl\":\"https:\\\/\\\/airplus-al.com\\\/wp-content\\\/uploads\\\/2025\\\/06\\\/4AMW-72U4RJC.png\",\"width\":550,\"height\":470},{\"@type\":\"BreadcrumbList\",\"@id\":\"https:\\\/\\\/airplus-al.com\\\/product\\\/4amw-72u4rjc\\\/#breadcrumb\",\"itemListElement\":[{\"@type\":\"ListItem\",\"position\":1,\"name\":\"Home\",\"item\":\"https:\\\/\\\/airplus-al.com\\\/\"},{\"@type\":\"ListItem\",\"position\":2,\"name\":\"Dyqani\",\"item\":\"https:\\\/\\\/airplus-al.com\\\/dyqani\\\/\"},{\"@type\":\"ListItem\",\"position\":3,\"name\":\"4AMW-72U4RJC\"}]},{\"@type\":\"WebSite\",\"@id\":\"https:\\\/\\\/airplus-al.com\\\/#website\",\"url\":\"https:\\\/\\\/airplus-al.com\\\/\",\"name\":\"Airplus\",\"description\":\"Klima ideale p\u00ebr \u00e7do stin\u00eb\",\"potentialAction\":[{\"@type\":\"SearchAction\",\"target\":{\"@type\":\"EntryPoint\",\"urlTemplate\":\"https:\\\/\\\/airplus-al.com\\\/?s={search_term_string}\"},\"query-input\":{\"@type\":\"PropertyValueSpecification\",\"valueRequired\":true,\"valueName\":\"search_term_string\"}}],\"inLanguage\":\"en-GB\"}]}<\/script>\n<!-- \/ Yoast SEO plugin. -->","yoast_head_json":{"title":"4AMW-72U4RJC - Airplus","description":"Sistemet Multisplit Inverter \u2013 Hisense | 1 nj\u00ebsi e jashtme = 4 nj\u00ebsi t\u00eb brendshme. Airplus Clima +355 (0) 69 206 3368, Rrethrrotullimi Shkoder-Lezhe","robots":{"index":"index","follow":"follow","max-snippet":"max-snippet:-1","max-image-preview":"max-image-preview:large","max-video-preview":"max-video-preview:-1"},"canonical":"https:\/\/airplus-al.com\/en\/product\/4amw-72u4rjc\/","og_locale":"en_GB","og_type":"article","og_title":"4AMW-72U4RJC - Airplus","og_description":"Sistemet Multisplit Inverter \u2013 Hisense | 1 nj\u00ebsi e jashtme = 4 nj\u00ebsi t\u00eb brendshme. Airplus Clima +355 (0) 69 206 3368, Rrethrrotullimi Shkoder-Lezhe","og_url":"https:\/\/airplus-al.com\/en\/product\/4amw-72u4rjc\/","og_site_name":"Airplus","article_modified_time":"2026-02-12T13:04:34+00:00","og_image":[{"width":550,"height":470,"url":"https:\/\/airplus-al.com\/wp-content\/uploads\/2025\/06\/4AMW-72U4RJC.png","type":"image\/png"}],"twitter_card":"summary_large_image","twitter_misc":{"Estimated reading time":"1 minute"},"schema":{"@context":"https:\/\/schema.org","@graph":[{"@type":"WebPage","@id":"https:\/\/airplus-al.com\/product\/4amw-72u4rjc\/","url":"https:\/\/airplus-al.com\/product\/4amw-72u4rjc\/","name":"4AMW-72U4RJC - Airplus","isPartOf":{"@id":"https:\/\/airplus-al.com\/#website"},"primaryImageOfPage":{"@id":"https:\/\/airplus-al.com\/product\/4amw-72u4rjc\/#primaryimage"},"image":{"@id":"https:\/\/airplus-al.com\/product\/4amw-72u4rjc\/#primaryimage"},"thumbnailUrl":"https:\/\/airplus-al.com\/wp-content\/uploads\/2025\/06\/4AMW-72U4RJC.png","datePublished":"2025-06-21T20:03:34+00:00","dateModified":"2026-02-12T13:04:34+00:00","description":"Sistemet Multisplit Inverter \u2013 Hisense | 1 nj\u00ebsi e jashtme = 4 nj\u00ebsi t\u00eb brendshme. Airplus Clima +355 (0) 69 206 3368, Rrethrrotullimi Shkoder-Lezhe","breadcrumb":{"@id":"https:\/\/airplus-al.com\/product\/4amw-72u4rjc\/#breadcrumb"},"inLanguage":"en-GB","potentialAction":[{"@type":"ReadAction","target":["https:\/\/airplus-al.com\/product\/4amw-72u4rjc\/"]}]},{"@type":"ImageObject","inLanguage":"en-GB","@id":"https:\/\/airplus-al.com\/product\/4amw-72u4rjc\/#primaryimage","url":"https:\/\/airplus-al.com\/wp-content\/uploads\/2025\/06\/4AMW-72U4RJC.png","contentUrl":"https:\/\/airplus-al.com\/wp-content\/uploads\/2025\/06\/4AMW-72U4RJC.png","width":550,"height":470},{"@type":"BreadcrumbList","@id":"https:\/\/airplus-al.com\/product\/4amw-72u4rjc\/#breadcrumb","itemListElement":[{"@type":"ListItem","position":1,"name":"Home","item":"https:\/\/airplus-al.com\/"},{"@type":"ListItem","position":2,"name":"Dyqani","item":"https:\/\/airplus-al.com\/dyqani\/"},{"@type":"ListItem","position":3,"name":"4AMW-72U4RJC"}]},{"@type":"WebSite","@id":"https:\/\/airplus-al.com\/#website","url":"https:\/\/airplus-al.com\/","name":"Airplus","description":"Ideal Choice for every season","potentialAction":[{"@type":"SearchAction","target":{"@type":"EntryPoint","urlTemplate":"https:\/\/airplus-al.com\/?s={search_term_string}"},"query-input":{"@type":"PropertyValueSpecification","valueRequired":true,"valueName":"search_term_string"}}],"inLanguage":"en-GB"}]}},"_links":{"self":[{"href":"https:\/\/airplus-al.com\/en\/wp-json\/wp\/v2\/product\/410","targetHints":{"allow":["GET"]}}],"collection":[{"href":"https:\/\/airplus-al.com\/en\/wp-json\/wp\/v2\/product"}],"about":[{"href":"https:\/\/airplus-al.com\/en\/wp-json\/wp\/v2\/types\/product"}],"replies":[{"embeddable":true,"href":"https:\/\/airplus-al.com\/en\/wp-json\/wp\/v2\/comments?post=410"}],"wp:featuredmedia":[{"embeddable":true,"href":"https:\/\/airplus-al.com\/en\/wp-json\/wp\/v2\/media\/841"}],"wp:attachment":[{"href":"https:\/\/airplus-al.com\/en\/wp-json\/wp\/v2\/media?parent=410"}],"wp:term":[{"taxonomy":"product_brand","embeddable":true,"href":"https:\/\/airplus-al.com\/en\/wp-json\/wp\/v2\/product_brand?post=410"},{"taxonomy":"product_cat","embeddable":true,"href":"https:\/\/airplus-al.com\/en\/wp-json\/wp\/v2\/product_cat?post=410"},{"taxonomy":"product_tag","embeddable":true,"href":"https:\/\/airplus-al.com\/en\/wp-json\/wp\/v2\/product_tag?post=410"}],"curies":[{"name":"wp","href":"https:\/\/api.w.org\/{rel}","templated":true}]}}