{"id":399,"date":"2025-06-21T20:03:32","date_gmt":"2025-06-21T20:03:32","guid":{"rendered":"https:\/\/airplus-al.com\/product\/console-akt-35\/"},"modified":"2026-02-13T14:34:50","modified_gmt":"2026-02-13T14:34:50","slug":"console-akt-35","status":"publish","type":"product","link":"https:\/\/airplus-al.com\/en\/product\/console-akt-35\/","title":{"rendered":"Console AKT-35"},"content":{"rendered":"<ul>\n<li>Model: Energy EXPERT<\/li>\n<li>12 000 BTU<\/li>\n<li>Ftohje: A++<\/li>\n<li>Ngrohje: A+<\/li>\n<li>Klime t\u00eb but\u00eb: A+++<\/li>\n<li>WiFi Control (opsional)<\/li>\n<li>Flet\u00eb ajri nga lart dhe posht\u00eb<\/li>\n<li>Sistem kontrolli n\u00eb mur(opsionale)<\/li>\n<li>Fleksibilitet n\u00eb instalim<\/li>\n<li>Funksioni \u201cI Feel\u201d<\/li>\n<\/ul>","protected":false},"excerpt":{"rendered":"<p>Hisense Floor Standing \u2013 Freski e barabart\u00eb dhe fleksibilitet n\u00eb instalim<\/p>\n<p>Kondicioneri dysheme Hisense ofron rehati maksimale fal\u00eb kombinimit t\u00eb rrjedh\u00ebs s\u00eb ajrit nga sip\u00ebr dhe posht\u00eb, duke siguruar shp\u00ebrndarje t\u00eb nj\u00ebtrajtshme t\u00eb ajrit n\u00eb \u00e7do cep t\u00eb dhom\u00ebs. Me opsione t\u00eb avancuara si WiFi Control (opsional), komandim me kabllo (optional), kontakti ON\/OFF, dhe funksioni \u201cI Feel\u201d, ky \u00ebsht\u00eb nj\u00eb nj\u00ebsi universal q\u00eb p\u00ebrshtatet leht\u00ebsisht me \u00e7do ambient.<\/p>","protected":false},"featured_media":844,"comment_status":"closed","ping_status":"closed","template":"","meta":[],"product_brand":[119],"product_cat":[123],"product_tag":[47,46,39,38,43,104,42,41],"class_list":{"0":"post-399","1":"product","2":"type-product","3":"status-publish","4":"has-post-thumbnail","6":"product_brand-hisense","7":"product_cat-dysheme-monosplit-sistemi","8":"product_tag-12-000-btu","9":"product_tag-3-5-kw","10":"product_tag-a-3","11":"product_tag-a","12":"product_tag-e-bardhe","13":"product_tag-hisense","14":"product_tag-monosplit","15":"product_tag-mural","16":"pa_eficenca-energjitike-ftohje-ftohje-a","17":"pa_eficenca-energjitike-ngrohje-ngrohje-a1","18":"pa_kapaciteti-ne-kw-3-5-kw","19":"pa_ngjyra-e-bardhe","21":"first","22":"instock","23":"taxable","24":"shipping-taxable","25":"product-type-simple"},"yoast_head":"<!-- This site is optimized with the Yoast SEO plugin v27.4 - https:\/\/yoast.com\/product\/yoast-seo-wordpress\/ -->\n<title>Console AKT-35 - Airplus<\/title>\n<meta name=\"description\" content=\"Kondicioner Hisense \u2014 Dysheme Console AKT-35, 12 000 BTU, Inverter, eficienc\u00eb energjitike A+++.Zgjidh komfortin, zgjidh Airplus Clima Systems | Lezh\u00eb\" \/>\n<meta name=\"robots\" content=\"index, follow, max-snippet:-1, max-image-preview:large, max-video-preview:-1\" \/>\n<link rel=\"canonical\" href=\"https:\/\/airplus-al.com\/en\/product\/console-akt-35\/\" \/>\n<meta property=\"og:locale\" content=\"en_GB\" \/>\n<meta property=\"og:type\" content=\"article\" \/>\n<meta property=\"og:title\" content=\"Console AKT-35 - Airplus\" \/>\n<meta property=\"og:description\" content=\"Kondicioner Hisense \u2014 Dysheme Console AKT-35, 12 000 BTU, Inverter, eficienc\u00eb energjitike A+++.Zgjidh komfortin, zgjidh Airplus Clima Systems | Lezh\u00eb\" \/>\n<meta property=\"og:url\" content=\"https:\/\/airplus-al.com\/en\/product\/console-akt-35\/\" \/>\n<meta property=\"og:site_name\" content=\"Airplus\" \/>\n<meta property=\"article:modified_time\" content=\"2026-02-13T14:34:50+00:00\" \/>\n<meta property=\"og:image\" content=\"https:\/\/airplus-al.com\/wp-content\/uploads\/2025\/06\/Console-AKT-52.png\" \/>\n\t<meta property=\"og:image:width\" content=\"550\" \/>\n\t<meta property=\"og:image:height\" content=\"470\" \/>\n\t<meta property=\"og:image:type\" content=\"image\/png\" \/>\n<meta name=\"twitter:card\" content=\"summary_large_image\" \/>\n<meta name=\"twitter:label1\" content=\"Estimated reading time\" \/>\n\t<meta name=\"twitter:data1\" content=\"1 minute\" \/>\n<script type=\"application\/ld+json\" class=\"yoast-schema-graph\">{\"@context\":\"https:\\\/\\\/schema.org\",\"@graph\":[{\"@type\":\"WebPage\",\"@id\":\"https:\\\/\\\/airplus-al.com\\\/product\\\/console-akt-35\\\/\",\"url\":\"https:\\\/\\\/airplus-al.com\\\/product\\\/console-akt-35\\\/\",\"name\":\"Console AKT-35 - Airplus\",\"isPartOf\":{\"@id\":\"https:\\\/\\\/airplus-al.com\\\/#website\"},\"primaryImageOfPage\":{\"@id\":\"https:\\\/\\\/airplus-al.com\\\/product\\\/console-akt-35\\\/#primaryimage\"},\"image\":{\"@id\":\"https:\\\/\\\/airplus-al.com\\\/product\\\/console-akt-35\\\/#primaryimage\"},\"thumbnailUrl\":\"https:\\\/\\\/airplus-al.com\\\/wp-content\\\/uploads\\\/2025\\\/06\\\/Console-AKT-52.png\",\"datePublished\":\"2025-06-21T20:03:32+00:00\",\"dateModified\":\"2026-02-13T14:34:50+00:00\",\"description\":\"Kondicioner Hisense \u2014 Dysheme Console AKT-35, 12 000 BTU, Inverter, eficienc\u00eb energjitike A+++.Zgjidh komfortin, zgjidh Airplus Clima Systems | Lezh\u00eb\",\"breadcrumb\":{\"@id\":\"https:\\\/\\\/airplus-al.com\\\/product\\\/console-akt-35\\\/#breadcrumb\"},\"inLanguage\":\"en-GB\",\"potentialAction\":[{\"@type\":\"ReadAction\",\"target\":[\"https:\\\/\\\/airplus-al.com\\\/product\\\/console-akt-35\\\/\"]}]},{\"@type\":\"ImageObject\",\"inLanguage\":\"en-GB\",\"@id\":\"https:\\\/\\\/airplus-al.com\\\/product\\\/console-akt-35\\\/#primaryimage\",\"url\":\"https:\\\/\\\/airplus-al.com\\\/wp-content\\\/uploads\\\/2025\\\/06\\\/Console-AKT-52.png\",\"contentUrl\":\"https:\\\/\\\/airplus-al.com\\\/wp-content\\\/uploads\\\/2025\\\/06\\\/Console-AKT-52.png\",\"width\":550,\"height\":470,\"caption\":\"Kondicioner Hisense Console AKT-26\\\/35\\\/40\\\/52 airplus clima lezhe\"},{\"@type\":\"BreadcrumbList\",\"@id\":\"https:\\\/\\\/airplus-al.com\\\/product\\\/console-akt-35\\\/#breadcrumb\",\"itemListElement\":[{\"@type\":\"ListItem\",\"position\":1,\"name\":\"Home\",\"item\":\"https:\\\/\\\/airplus-al.com\\\/\"},{\"@type\":\"ListItem\",\"position\":2,\"name\":\"Dyqani\",\"item\":\"https:\\\/\\\/airplus-al.com\\\/dyqani\\\/\"},{\"@type\":\"ListItem\",\"position\":3,\"name\":\"Console AKT-35\"}]},{\"@type\":\"WebSite\",\"@id\":\"https:\\\/\\\/airplus-al.com\\\/#website\",\"url\":\"https:\\\/\\\/airplus-al.com\\\/\",\"name\":\"Airplus\",\"description\":\"Klima ideale p\u00ebr \u00e7do stin\u00eb\",\"potentialAction\":[{\"@type\":\"SearchAction\",\"target\":{\"@type\":\"EntryPoint\",\"urlTemplate\":\"https:\\\/\\\/airplus-al.com\\\/?s={search_term_string}\"},\"query-input\":{\"@type\":\"PropertyValueSpecification\",\"valueRequired\":true,\"valueName\":\"search_term_string\"}}],\"inLanguage\":\"en-GB\"}]}<\/script>\n<!-- \/ Yoast SEO plugin. -->","yoast_head_json":{"title":"Console AKT-35 - Airplus","description":"Kondicioner Hisense \u2014 Dysheme Console AKT-35, 12 000 BTU, Inverter, eficienc\u00eb energjitike A+++.Zgjidh komfortin, zgjidh Airplus Clima Systems | Lezh\u00eb","robots":{"index":"index","follow":"follow","max-snippet":"max-snippet:-1","max-image-preview":"max-image-preview:large","max-video-preview":"max-video-preview:-1"},"canonical":"https:\/\/airplus-al.com\/en\/product\/console-akt-35\/","og_locale":"en_GB","og_type":"article","og_title":"Console AKT-35 - Airplus","og_description":"Kondicioner Hisense \u2014 Dysheme Console AKT-35, 12 000 BTU, Inverter, eficienc\u00eb energjitike A+++.Zgjidh komfortin, zgjidh Airplus Clima Systems | Lezh\u00eb","og_url":"https:\/\/airplus-al.com\/en\/product\/console-akt-35\/","og_site_name":"Airplus","article_modified_time":"2026-02-13T14:34:50+00:00","og_image":[{"width":550,"height":470,"url":"https:\/\/airplus-al.com\/wp-content\/uploads\/2025\/06\/Console-AKT-52.png","type":"image\/png"}],"twitter_card":"summary_large_image","twitter_misc":{"Estimated reading time":"1 minute"},"schema":{"@context":"https:\/\/schema.org","@graph":[{"@type":"WebPage","@id":"https:\/\/airplus-al.com\/product\/console-akt-35\/","url":"https:\/\/airplus-al.com\/product\/console-akt-35\/","name":"Console AKT-35 - Airplus","isPartOf":{"@id":"https:\/\/airplus-al.com\/#website"},"primaryImageOfPage":{"@id":"https:\/\/airplus-al.com\/product\/console-akt-35\/#primaryimage"},"image":{"@id":"https:\/\/airplus-al.com\/product\/console-akt-35\/#primaryimage"},"thumbnailUrl":"https:\/\/airplus-al.com\/wp-content\/uploads\/2025\/06\/Console-AKT-52.png","datePublished":"2025-06-21T20:03:32+00:00","dateModified":"2026-02-13T14:34:50+00:00","description":"Kondicioner Hisense \u2014 Dysheme Console AKT-35, 12 000 BTU, Inverter, eficienc\u00eb energjitike A+++.Zgjidh komfortin, zgjidh Airplus Clima Systems | Lezh\u00eb","breadcrumb":{"@id":"https:\/\/airplus-al.com\/product\/console-akt-35\/#breadcrumb"},"inLanguage":"en-GB","potentialAction":[{"@type":"ReadAction","target":["https:\/\/airplus-al.com\/product\/console-akt-35\/"]}]},{"@type":"ImageObject","inLanguage":"en-GB","@id":"https:\/\/airplus-al.com\/product\/console-akt-35\/#primaryimage","url":"https:\/\/airplus-al.com\/wp-content\/uploads\/2025\/06\/Console-AKT-52.png","contentUrl":"https:\/\/airplus-al.com\/wp-content\/uploads\/2025\/06\/Console-AKT-52.png","width":550,"height":470,"caption":"Kondicioner Hisense Console AKT-26\/35\/40\/52 airplus clima lezhe"},{"@type":"BreadcrumbList","@id":"https:\/\/airplus-al.com\/product\/console-akt-35\/#breadcrumb","itemListElement":[{"@type":"ListItem","position":1,"name":"Home","item":"https:\/\/airplus-al.com\/"},{"@type":"ListItem","position":2,"name":"Dyqani","item":"https:\/\/airplus-al.com\/dyqani\/"},{"@type":"ListItem","position":3,"name":"Console AKT-35"}]},{"@type":"WebSite","@id":"https:\/\/airplus-al.com\/#website","url":"https:\/\/airplus-al.com\/","name":"Airplus","description":"Ideal Choice for every season","potentialAction":[{"@type":"SearchAction","target":{"@type":"EntryPoint","urlTemplate":"https:\/\/airplus-al.com\/?s={search_term_string}"},"query-input":{"@type":"PropertyValueSpecification","valueRequired":true,"valueName":"search_term_string"}}],"inLanguage":"en-GB"}]}},"_links":{"self":[{"href":"https:\/\/airplus-al.com\/en\/wp-json\/wp\/v2\/product\/399","targetHints":{"allow":["GET"]}}],"collection":[{"href":"https:\/\/airplus-al.com\/en\/wp-json\/wp\/v2\/product"}],"about":[{"href":"https:\/\/airplus-al.com\/en\/wp-json\/wp\/v2\/types\/product"}],"replies":[{"embeddable":true,"href":"https:\/\/airplus-al.com\/en\/wp-json\/wp\/v2\/comments?post=399"}],"wp:featuredmedia":[{"embeddable":true,"href":"https:\/\/airplus-al.com\/en\/wp-json\/wp\/v2\/media\/844"}],"wp:attachment":[{"href":"https:\/\/airplus-al.com\/en\/wp-json\/wp\/v2\/media?parent=399"}],"wp:term":[{"taxonomy":"product_brand","embeddable":true,"href":"https:\/\/airplus-al.com\/en\/wp-json\/wp\/v2\/product_brand?post=399"},{"taxonomy":"product_cat","embeddable":true,"href":"https:\/\/airplus-al.com\/en\/wp-json\/wp\/v2\/product_cat?post=399"},{"taxonomy":"product_tag","embeddable":true,"href":"https:\/\/airplus-al.com\/en\/wp-json\/wp\/v2\/product_tag?post=399"}],"curies":[{"name":"wp","href":"https:\/\/api.w.org\/{rel}","templated":true}]}}