{"id":393,"date":"2025-06-21T20:03:30","date_gmt":"2025-06-21T20:03:30","guid":{"rendered":"https:\/\/airplus-al.com\/product\/hi-comfort-ke-70\/"},"modified":"2026-02-13T14:35:22","modified_gmt":"2026-02-13T14:35:22","slug":"hi-comfort-ke-70","status":"publish","type":"product","link":"https:\/\/airplus-al.com\/en\/product\/hi-comfort-ke-70\/","title":{"rendered":"Hi-Comfort KE-70"},"content":{"rendered":"<ul>\n<li>Model: Hi-Comfort<\/li>\n<li>24 000 BTU<\/li>\n<li>Ftohje: A++<\/li>\n<li>Ngrohje: A+<\/li>\n<li>Klime t\u00eb but\u00eb: A+++<\/li>\n<li>Inverter<\/li>\n<li>Gaz R32<\/li>\n<li>4 n\u00eb 1 Filtrim<\/li>\n<li>4D Auto-Swing p\u00ebr shp\u00ebrndarje t\u00eb plot\u00eb t\u00eb ajrit<\/li>\n<li>Sistem kontrolli Wi-Fi<\/li>\n<li>I qet\u00eb19 dB<\/li>\n<\/ul>","protected":false},"excerpt":{"rendered":"<p>Hi Comfort \u2013 Komoditet maksimal me teknologji t\u00eb avancuar<\/p>\n<p>Kondicioneri Hi Comfort sjell performanc\u00eb t\u00eb lart\u00eb me dizajn funksional dhe t\u00eb p\u00ebrshtatsh\u00ebm p\u00ebr \u00e7do ambient. I pajisur me sistem Inverter, WiFi kontroll, filtrim 4-n\u00eb-1, dhe gaz ekologjik R32, ky model ofron efi\u00e7enc\u00eb t\u00eb lart\u00eb energjie dhe funksionim ultra t\u00eb qet\u00eb deri n\u00eb 19 dB. Teknologjia 4D Auto-Swing siguron shp\u00ebrndarje t\u00eb nj\u00ebtrajtshme t\u00eb ajrit n\u00eb t\u00eb gjith\u00eb hap\u00ebsir\u00ebn.<\/p>","protected":false},"featured_media":855,"comment_status":"closed","ping_status":"closed","template":"","meta":[],"product_brand":[119],"product_cat":[122],"product_tag":[59,50,39,38,43,104,42,41],"class_list":{"0":"post-393","1":"product","2":"type-product","3":"status-publish","4":"has-post-thumbnail","6":"product_brand-hisense","7":"product_cat-murale","8":"product_tag-24-000-btu","9":"product_tag-5-0-kw","10":"product_tag-a-3","11":"product_tag-a","12":"product_tag-e-bardhe","13":"product_tag-hisense","14":"product_tag-monosplit","15":"product_tag-mural","16":"pa_eficenca-energjitike-ftohje-ftohje-a","17":"pa_eficenca-energjitike-ngrohje-ngrohje-a1","18":"pa_kapaciteti-ne-kw-7-0-kw","19":"pa_ngjyra-e-bardhe","21":"first","22":"instock","23":"taxable","24":"shipping-taxable","25":"product-type-simple"},"yoast_head":"<!-- This site is optimized with the Yoast SEO plugin v27.4 - https:\/\/yoast.com\/product\/yoast-seo-wordpress\/ -->\n<title>Hi-Comfort KE-70 - Airplus<\/title>\n<meta name=\"description\" content=\"Kondicioner Hisense \u2014 Mural Energy Hi-Comfort KE-70, 24 000 BTU, Inverter, eficienc\u00eb energjitike A+++.Zgjidh komfortin, zgjidh Airplus Clima Systems | Lezh\u00eb\" \/>\n<meta name=\"robots\" content=\"index, follow, max-snippet:-1, max-image-preview:large, max-video-preview:-1\" \/>\n<link rel=\"canonical\" href=\"https:\/\/airplus-al.com\/en\/product\/hi-comfort-ke-70\/\" \/>\n<meta property=\"og:locale\" content=\"en_GB\" \/>\n<meta property=\"og:type\" content=\"article\" \/>\n<meta property=\"og:title\" content=\"Hi-Comfort KE-70 - Airplus\" \/>\n<meta property=\"og:description\" content=\"Kondicioner Hisense \u2014 Mural Energy Hi-Comfort KE-70, 24 000 BTU, Inverter, eficienc\u00eb energjitike A+++.Zgjidh komfortin, zgjidh Airplus Clima Systems | Lezh\u00eb\" \/>\n<meta property=\"og:url\" content=\"https:\/\/airplus-al.com\/en\/product\/hi-comfort-ke-70\/\" \/>\n<meta property=\"og:site_name\" content=\"Airplus\" \/>\n<meta property=\"article:modified_time\" content=\"2026-02-13T14:35:22+00:00\" \/>\n<meta property=\"og:image\" content=\"https:\/\/airplus-al.com\/wp-content\/uploads\/2025\/06\/Hi-Comfort-KE-50.png\" \/>\n\t<meta property=\"og:image:width\" content=\"550\" \/>\n\t<meta property=\"og:image:height\" content=\"470\" \/>\n\t<meta property=\"og:image:type\" content=\"image\/png\" \/>\n<meta name=\"twitter:card\" content=\"summary_large_image\" \/>\n<meta name=\"twitter:label1\" content=\"Estimated reading time\" \/>\n\t<meta name=\"twitter:data1\" content=\"1 minute\" \/>\n<script type=\"application\/ld+json\" class=\"yoast-schema-graph\">{\"@context\":\"https:\\\/\\\/schema.org\",\"@graph\":[{\"@type\":\"WebPage\",\"@id\":\"https:\\\/\\\/airplus-al.com\\\/product\\\/hi-comfort-ke-70\\\/\",\"url\":\"https:\\\/\\\/airplus-al.com\\\/product\\\/hi-comfort-ke-70\\\/\",\"name\":\"Hi-Comfort KE-70 - Airplus\",\"isPartOf\":{\"@id\":\"https:\\\/\\\/airplus-al.com\\\/#website\"},\"primaryImageOfPage\":{\"@id\":\"https:\\\/\\\/airplus-al.com\\\/product\\\/hi-comfort-ke-70\\\/#primaryimage\"},\"image\":{\"@id\":\"https:\\\/\\\/airplus-al.com\\\/product\\\/hi-comfort-ke-70\\\/#primaryimage\"},\"thumbnailUrl\":\"https:\\\/\\\/airplus-al.com\\\/wp-content\\\/uploads\\\/2025\\\/06\\\/Hi-Comfort-KE-50.png\",\"datePublished\":\"2025-06-21T20:03:30+00:00\",\"dateModified\":\"2026-02-13T14:35:22+00:00\",\"description\":\"Kondicioner Hisense \u2014 Mural Energy Hi-Comfort KE-70, 24 000 BTU, Inverter, eficienc\u00eb energjitike A+++.Zgjidh komfortin, zgjidh Airplus Clima Systems | Lezh\u00eb\",\"breadcrumb\":{\"@id\":\"https:\\\/\\\/airplus-al.com\\\/product\\\/hi-comfort-ke-70\\\/#breadcrumb\"},\"inLanguage\":\"en-GB\",\"potentialAction\":[{\"@type\":\"ReadAction\",\"target\":[\"https:\\\/\\\/airplus-al.com\\\/product\\\/hi-comfort-ke-70\\\/\"]}]},{\"@type\":\"ImageObject\",\"inLanguage\":\"en-GB\",\"@id\":\"https:\\\/\\\/airplus-al.com\\\/product\\\/hi-comfort-ke-70\\\/#primaryimage\",\"url\":\"https:\\\/\\\/airplus-al.com\\\/wp-content\\\/uploads\\\/2025\\\/06\\\/Hi-Comfort-KE-50.png\",\"contentUrl\":\"https:\\\/\\\/airplus-al.com\\\/wp-content\\\/uploads\\\/2025\\\/06\\\/Hi-Comfort-KE-50.png\",\"width\":550,\"height\":470,\"caption\":\"Kondicioner Hisense Mural Hi-Comfort KE-35\\\/50\\\/70 airplus clima lezhe\"},{\"@type\":\"BreadcrumbList\",\"@id\":\"https:\\\/\\\/airplus-al.com\\\/product\\\/hi-comfort-ke-70\\\/#breadcrumb\",\"itemListElement\":[{\"@type\":\"ListItem\",\"position\":1,\"name\":\"Home\",\"item\":\"https:\\\/\\\/airplus-al.com\\\/\"},{\"@type\":\"ListItem\",\"position\":2,\"name\":\"Dyqani\",\"item\":\"https:\\\/\\\/airplus-al.com\\\/dyqani\\\/\"},{\"@type\":\"ListItem\",\"position\":3,\"name\":\"Hi-Comfort KE-70\"}]},{\"@type\":\"WebSite\",\"@id\":\"https:\\\/\\\/airplus-al.com\\\/#website\",\"url\":\"https:\\\/\\\/airplus-al.com\\\/\",\"name\":\"Airplus\",\"description\":\"Klima ideale p\u00ebr \u00e7do stin\u00eb\",\"potentialAction\":[{\"@type\":\"SearchAction\",\"target\":{\"@type\":\"EntryPoint\",\"urlTemplate\":\"https:\\\/\\\/airplus-al.com\\\/?s={search_term_string}\"},\"query-input\":{\"@type\":\"PropertyValueSpecification\",\"valueRequired\":true,\"valueName\":\"search_term_string\"}}],\"inLanguage\":\"en-GB\"}]}<\/script>\n<!-- \/ Yoast SEO plugin. -->","yoast_head_json":{"title":"Hi-Comfort KE-70 - Airplus","description":"Kondicioner Hisense \u2014 Mural Energy Hi-Comfort KE-70, 24 000 BTU, Inverter, eficienc\u00eb energjitike A+++.Zgjidh komfortin, zgjidh Airplus Clima Systems | Lezh\u00eb","robots":{"index":"index","follow":"follow","max-snippet":"max-snippet:-1","max-image-preview":"max-image-preview:large","max-video-preview":"max-video-preview:-1"},"canonical":"https:\/\/airplus-al.com\/en\/product\/hi-comfort-ke-70\/","og_locale":"en_GB","og_type":"article","og_title":"Hi-Comfort KE-70 - Airplus","og_description":"Kondicioner Hisense \u2014 Mural Energy Hi-Comfort KE-70, 24 000 BTU, Inverter, eficienc\u00eb energjitike A+++.Zgjidh komfortin, zgjidh Airplus Clima Systems | Lezh\u00eb","og_url":"https:\/\/airplus-al.com\/en\/product\/hi-comfort-ke-70\/","og_site_name":"Airplus","article_modified_time":"2026-02-13T14:35:22+00:00","og_image":[{"width":550,"height":470,"url":"https:\/\/airplus-al.com\/wp-content\/uploads\/2025\/06\/Hi-Comfort-KE-50.png","type":"image\/png"}],"twitter_card":"summary_large_image","twitter_misc":{"Estimated reading time":"1 minute"},"schema":{"@context":"https:\/\/schema.org","@graph":[{"@type":"WebPage","@id":"https:\/\/airplus-al.com\/product\/hi-comfort-ke-70\/","url":"https:\/\/airplus-al.com\/product\/hi-comfort-ke-70\/","name":"Hi-Comfort KE-70 - Airplus","isPartOf":{"@id":"https:\/\/airplus-al.com\/#website"},"primaryImageOfPage":{"@id":"https:\/\/airplus-al.com\/product\/hi-comfort-ke-70\/#primaryimage"},"image":{"@id":"https:\/\/airplus-al.com\/product\/hi-comfort-ke-70\/#primaryimage"},"thumbnailUrl":"https:\/\/airplus-al.com\/wp-content\/uploads\/2025\/06\/Hi-Comfort-KE-50.png","datePublished":"2025-06-21T20:03:30+00:00","dateModified":"2026-02-13T14:35:22+00:00","description":"Kondicioner Hisense \u2014 Mural Energy Hi-Comfort KE-70, 24 000 BTU, Inverter, eficienc\u00eb energjitike A+++.Zgjidh komfortin, zgjidh Airplus Clima Systems | Lezh\u00eb","breadcrumb":{"@id":"https:\/\/airplus-al.com\/product\/hi-comfort-ke-70\/#breadcrumb"},"inLanguage":"en-GB","potentialAction":[{"@type":"ReadAction","target":["https:\/\/airplus-al.com\/product\/hi-comfort-ke-70\/"]}]},{"@type":"ImageObject","inLanguage":"en-GB","@id":"https:\/\/airplus-al.com\/product\/hi-comfort-ke-70\/#primaryimage","url":"https:\/\/airplus-al.com\/wp-content\/uploads\/2025\/06\/Hi-Comfort-KE-50.png","contentUrl":"https:\/\/airplus-al.com\/wp-content\/uploads\/2025\/06\/Hi-Comfort-KE-50.png","width":550,"height":470,"caption":"Kondicioner Hisense Mural Hi-Comfort KE-35\/50\/70 airplus clima lezhe"},{"@type":"BreadcrumbList","@id":"https:\/\/airplus-al.com\/product\/hi-comfort-ke-70\/#breadcrumb","itemListElement":[{"@type":"ListItem","position":1,"name":"Home","item":"https:\/\/airplus-al.com\/"},{"@type":"ListItem","position":2,"name":"Dyqani","item":"https:\/\/airplus-al.com\/dyqani\/"},{"@type":"ListItem","position":3,"name":"Hi-Comfort KE-70"}]},{"@type":"WebSite","@id":"https:\/\/airplus-al.com\/#website","url":"https:\/\/airplus-al.com\/","name":"Airplus","description":"Ideal Choice for every season","potentialAction":[{"@type":"SearchAction","target":{"@type":"EntryPoint","urlTemplate":"https:\/\/airplus-al.com\/?s={search_term_string}"},"query-input":{"@type":"PropertyValueSpecification","valueRequired":true,"valueName":"search_term_string"}}],"inLanguage":"en-GB"}]}},"_links":{"self":[{"href":"https:\/\/airplus-al.com\/en\/wp-json\/wp\/v2\/product\/393","targetHints":{"allow":["GET"]}}],"collection":[{"href":"https:\/\/airplus-al.com\/en\/wp-json\/wp\/v2\/product"}],"about":[{"href":"https:\/\/airplus-al.com\/en\/wp-json\/wp\/v2\/types\/product"}],"replies":[{"embeddable":true,"href":"https:\/\/airplus-al.com\/en\/wp-json\/wp\/v2\/comments?post=393"}],"wp:featuredmedia":[{"embeddable":true,"href":"https:\/\/airplus-al.com\/en\/wp-json\/wp\/v2\/media\/855"}],"wp:attachment":[{"href":"https:\/\/airplus-al.com\/en\/wp-json\/wp\/v2\/media?parent=393"}],"wp:term":[{"taxonomy":"product_brand","embeddable":true,"href":"https:\/\/airplus-al.com\/en\/wp-json\/wp\/v2\/product_brand?post=393"},{"taxonomy":"product_cat","embeddable":true,"href":"https:\/\/airplus-al.com\/en\/wp-json\/wp\/v2\/product_cat?post=393"},{"taxonomy":"product_tag","embeddable":true,"href":"https:\/\/airplus-al.com\/en\/wp-json\/wp\/v2\/product_tag?post=393"}],"curies":[{"name":"wp","href":"https:\/\/api.w.org\/{rel}","templated":true}]}}