{"id":387,"date":"2025-06-21T20:03:29","date_gmt":"2025-06-21T20:03:29","guid":{"rendered":"https:\/\/airplus-al.com\/product\/mxz-4f83\/"},"modified":"2026-02-13T14:35:42","modified_gmt":"2026-02-13T14:35:42","slug":"mxz-4f83","status":"publish","type":"product","link":"https:\/\/airplus-al.com\/en\/product\/mxz-4f83\/","title":{"rendered":"MXZ-4F83"},"content":{"rendered":"<ul>\n<li>1 nj\u00ebsi e jashtme me 4 nj\u00ebsi t\u00eb brendshme<\/li>\n<li>Kapacitete t\u00eb ndryshme p\u00ebr \u00e7do nj\u00ebsi t\u00eb brendshme<\/li>\n<li>Zgjidhje e p\u00ebrshtatshme p\u00ebr banesa, zyra dhe ambiente komerciale<\/li>\n<li>Kursim n\u00eb hap\u00ebsir\u00eb dhe konsum energjie<\/li>\n<li>Gama e plot\u00eb e nj\u00ebsive t\u00eb brendshme Mitsubishi Electric<\/li>\n<\/ul>","protected":false},"excerpt":{"rendered":"<p>Sistemet Multisplit Inverter \u2013 Mitsubishi Electric<\/p>\n<p>Zgjidhje fleksib\u00ebl dhe efikase p\u00ebr \u00e7do ambient.<br \/>\nSistemet Multisplit Inverter t\u00eb Mitsubishi Electric ju lejojn\u00eb t\u00eb lidhni 1 nj\u00ebsi t\u00eb jashtme me 2 deri n\u00eb 6 nj\u00ebsi t\u00eb brendshme, duke kursyer hap\u00ebsir\u00eb dhe energji.<br \/>\nKapacitetet e nj\u00ebsive t\u00eb brendshme mund t\u00eb jen\u00eb t\u00eb ndryshme, n\u00eb var\u00ebsi t\u00eb nevojave t\u00eb secil\u00ebs dhom\u00eb.<\/p>\n<p>Mitsubishi Electric ofron nj\u00eb gam\u00eb t\u00eb gjer\u00eb kondicioner\u00ebsh, t\u00eb p\u00ebrshtatsh\u00ebm p\u00ebr \u00e7do stil dhe funksion t\u00eb brendsh\u00ebm.<\/p>\n<p>&nbsp;<\/p>\n<p>Kujdes! \u00c7mimi \u00ebsht\u00eb vet\u00ebm p\u00ebr nj\u00ebsin\u00eb e jashtme. P\u00ebr m\u00eb shum\u00eb informacion na kontaktoni.<\/p>","protected":false},"featured_media":1047,"comment_status":"closed","ping_status":"closed","template":"","meta":[],"product_brand":[70],"product_cat":[127],"product_tag":[130,96,39,38,40,80],"class_list":{"0":"post-387","1":"product","2":"type-product","3":"status-publish","4":"has-post-thumbnail","6":"product_brand-mitsubishi-electric","7":"product_cat-3-njesi-multisplit-sistemi","8":"product_tag-4-njsi","9":"product_tag-8-3-kw","10":"product_tag-a-3","11":"product_tag-a","12":"product_tag-mitsubishi-electric","13":"product_tag-multisplit","14":"pa_eficenca-energjitike-ftohje-ftohje-a","15":"pa_eficenca-energjitike-ngrohje-ngrohje-a1","16":"pa_kapaciteti-ne-kw-8-3-kw","17":"pa_ngjyra-e-bardhe","19":"first","20":"instock","21":"taxable","22":"shipping-taxable","23":"product-type-simple"},"yoast_head":"<!-- This site is optimized with the Yoast SEO plugin v27.4 - https:\/\/yoast.com\/product\/yoast-seo-wordpress\/ -->\n<title>MXZ-4F83 - Airplus<\/title>\n<meta name=\"robots\" content=\"index, follow, max-snippet:-1, max-image-preview:large, max-video-preview:-1\" \/>\n<link rel=\"canonical\" href=\"https:\/\/airplus-al.com\/en\/product\/mxz-4f83\/\" \/>\n<meta property=\"og:locale\" content=\"en_GB\" \/>\n<meta property=\"og:type\" content=\"article\" \/>\n<meta property=\"og:title\" content=\"MXZ-4F83 - Airplus\" \/>\n<meta property=\"og:description\" content=\"Sistemet Multisplit Inverter \u2013 Mitsubishi Electric  Zgjidhje fleksib\u00ebl dhe efikase p\u00ebr \u00e7do ambient. Sistemet Multisplit Inverter t\u00eb Mitsubishi Electric ju lejojn\u00eb t\u00eb lidhni 1 nj\u00ebsi t\u00eb jashtme me 2 deri n\u00eb 6 nj\u00ebsi t\u00eb brendshme, duke kursyer hap\u00ebsir\u00eb dhe energji. Kapacitetet e nj\u00ebsive t\u00eb brendshme mund t\u00eb jen\u00eb t\u00eb ndryshme, n\u00eb var\u00ebsi t\u00eb nevojave t\u00eb secil\u00ebs dhom\u00eb.  Mitsubishi Electric ofron nj\u00eb gam\u00eb t\u00eb gjer\u00eb kondicioner\u00ebsh, t\u00eb p\u00ebrshtatsh\u00ebm p\u00ebr \u00e7do stil dhe funksion t\u00eb brendsh\u00ebm.  &nbsp;  Kujdes! \u00c7mimi \u00ebsht\u00eb vet\u00ebm p\u00ebr nj\u00ebsin\u00eb e jashtme. P\u00ebr m\u00eb shum\u00eb informacion na kontaktoni.\" \/>\n<meta property=\"og:url\" content=\"https:\/\/airplus-al.com\/en\/product\/mxz-4f83\/\" \/>\n<meta property=\"og:site_name\" content=\"Airplus\" \/>\n<meta property=\"article:modified_time\" content=\"2026-02-13T14:35:42+00:00\" \/>\n<meta property=\"og:image\" content=\"https:\/\/airplus-al.com\/wp-content\/uploads\/2025\/06\/MXZ-5F102.png\" \/>\n\t<meta property=\"og:image:width\" content=\"550\" \/>\n\t<meta property=\"og:image:height\" content=\"470\" \/>\n\t<meta property=\"og:image:type\" content=\"image\/png\" \/>\n<meta name=\"twitter:card\" content=\"summary_large_image\" \/>\n<meta name=\"twitter:label1\" content=\"Estimated reading time\" \/>\n\t<meta name=\"twitter:data1\" content=\"1 minute\" \/>\n<script type=\"application\/ld+json\" class=\"yoast-schema-graph\">{\"@context\":\"https:\\\/\\\/schema.org\",\"@graph\":[{\"@type\":\"WebPage\",\"@id\":\"https:\\\/\\\/airplus-al.com\\\/product\\\/mxz-4f83\\\/\",\"url\":\"https:\\\/\\\/airplus-al.com\\\/product\\\/mxz-4f83\\\/\",\"name\":\"MXZ-4F83 - Airplus\",\"isPartOf\":{\"@id\":\"https:\\\/\\\/airplus-al.com\\\/#website\"},\"primaryImageOfPage\":{\"@id\":\"https:\\\/\\\/airplus-al.com\\\/product\\\/mxz-4f83\\\/#primaryimage\"},\"image\":{\"@id\":\"https:\\\/\\\/airplus-al.com\\\/product\\\/mxz-4f83\\\/#primaryimage\"},\"thumbnailUrl\":\"https:\\\/\\\/airplus-al.com\\\/wp-content\\\/uploads\\\/2025\\\/06\\\/MXZ-5F102.png\",\"datePublished\":\"2025-06-21T20:03:29+00:00\",\"dateModified\":\"2026-02-13T14:35:42+00:00\",\"breadcrumb\":{\"@id\":\"https:\\\/\\\/airplus-al.com\\\/product\\\/mxz-4f83\\\/#breadcrumb\"},\"inLanguage\":\"en-GB\",\"potentialAction\":[{\"@type\":\"ReadAction\",\"target\":[\"https:\\\/\\\/airplus-al.com\\\/product\\\/mxz-4f83\\\/\"]}]},{\"@type\":\"ImageObject\",\"inLanguage\":\"en-GB\",\"@id\":\"https:\\\/\\\/airplus-al.com\\\/product\\\/mxz-4f83\\\/#primaryimage\",\"url\":\"https:\\\/\\\/airplus-al.com\\\/wp-content\\\/uploads\\\/2025\\\/06\\\/MXZ-5F102.png\",\"contentUrl\":\"https:\\\/\\\/airplus-al.com\\\/wp-content\\\/uploads\\\/2025\\\/06\\\/MXZ-5F102.png\",\"width\":550,\"height\":470,\"caption\":\"Kondicioner Mitsubishi Electric multisplit 2-6 njesi te brendshme, A+++ airplus clima lezhe\"},{\"@type\":\"BreadcrumbList\",\"@id\":\"https:\\\/\\\/airplus-al.com\\\/product\\\/mxz-4f83\\\/#breadcrumb\",\"itemListElement\":[{\"@type\":\"ListItem\",\"position\":1,\"name\":\"Home\",\"item\":\"https:\\\/\\\/airplus-al.com\\\/\"},{\"@type\":\"ListItem\",\"position\":2,\"name\":\"Dyqani\",\"item\":\"https:\\\/\\\/airplus-al.com\\\/dyqani\\\/\"},{\"@type\":\"ListItem\",\"position\":3,\"name\":\"MXZ-4F83\"}]},{\"@type\":\"WebSite\",\"@id\":\"https:\\\/\\\/airplus-al.com\\\/#website\",\"url\":\"https:\\\/\\\/airplus-al.com\\\/\",\"name\":\"Airplus\",\"description\":\"Klima ideale p\u00ebr \u00e7do stin\u00eb\",\"potentialAction\":[{\"@type\":\"SearchAction\",\"target\":{\"@type\":\"EntryPoint\",\"urlTemplate\":\"https:\\\/\\\/airplus-al.com\\\/?s={search_term_string}\"},\"query-input\":{\"@type\":\"PropertyValueSpecification\",\"valueRequired\":true,\"valueName\":\"search_term_string\"}}],\"inLanguage\":\"en-GB\"}]}<\/script>\n<!-- \/ Yoast SEO plugin. -->","yoast_head_json":{"title":"MXZ-4F83 - Airplus","robots":{"index":"index","follow":"follow","max-snippet":"max-snippet:-1","max-image-preview":"max-image-preview:large","max-video-preview":"max-video-preview:-1"},"canonical":"https:\/\/airplus-al.com\/en\/product\/mxz-4f83\/","og_locale":"en_GB","og_type":"article","og_title":"MXZ-4F83 - Airplus","og_description":"Sistemet Multisplit Inverter \u2013 Mitsubishi Electric  Zgjidhje fleksib\u00ebl dhe efikase p\u00ebr \u00e7do ambient. Sistemet Multisplit Inverter t\u00eb Mitsubishi Electric ju lejojn\u00eb t\u00eb lidhni 1 nj\u00ebsi t\u00eb jashtme me 2 deri n\u00eb 6 nj\u00ebsi t\u00eb brendshme, duke kursyer hap\u00ebsir\u00eb dhe energji. Kapacitetet e nj\u00ebsive t\u00eb brendshme mund t\u00eb jen\u00eb t\u00eb ndryshme, n\u00eb var\u00ebsi t\u00eb nevojave t\u00eb secil\u00ebs dhom\u00eb.  Mitsubishi Electric ofron nj\u00eb gam\u00eb t\u00eb gjer\u00eb kondicioner\u00ebsh, t\u00eb p\u00ebrshtatsh\u00ebm p\u00ebr \u00e7do stil dhe funksion t\u00eb brendsh\u00ebm.  &nbsp;  Kujdes! \u00c7mimi \u00ebsht\u00eb vet\u00ebm p\u00ebr nj\u00ebsin\u00eb e jashtme. P\u00ebr m\u00eb shum\u00eb informacion na kontaktoni.","og_url":"https:\/\/airplus-al.com\/en\/product\/mxz-4f83\/","og_site_name":"Airplus","article_modified_time":"2026-02-13T14:35:42+00:00","og_image":[{"width":550,"height":470,"url":"https:\/\/airplus-al.com\/wp-content\/uploads\/2025\/06\/MXZ-5F102.png","type":"image\/png"}],"twitter_card":"summary_large_image","twitter_misc":{"Estimated reading time":"1 minute"},"schema":{"@context":"https:\/\/schema.org","@graph":[{"@type":"WebPage","@id":"https:\/\/airplus-al.com\/product\/mxz-4f83\/","url":"https:\/\/airplus-al.com\/product\/mxz-4f83\/","name":"MXZ-4F83 - Airplus","isPartOf":{"@id":"https:\/\/airplus-al.com\/#website"},"primaryImageOfPage":{"@id":"https:\/\/airplus-al.com\/product\/mxz-4f83\/#primaryimage"},"image":{"@id":"https:\/\/airplus-al.com\/product\/mxz-4f83\/#primaryimage"},"thumbnailUrl":"https:\/\/airplus-al.com\/wp-content\/uploads\/2025\/06\/MXZ-5F102.png","datePublished":"2025-06-21T20:03:29+00:00","dateModified":"2026-02-13T14:35:42+00:00","breadcrumb":{"@id":"https:\/\/airplus-al.com\/product\/mxz-4f83\/#breadcrumb"},"inLanguage":"en-GB","potentialAction":[{"@type":"ReadAction","target":["https:\/\/airplus-al.com\/product\/mxz-4f83\/"]}]},{"@type":"ImageObject","inLanguage":"en-GB","@id":"https:\/\/airplus-al.com\/product\/mxz-4f83\/#primaryimage","url":"https:\/\/airplus-al.com\/wp-content\/uploads\/2025\/06\/MXZ-5F102.png","contentUrl":"https:\/\/airplus-al.com\/wp-content\/uploads\/2025\/06\/MXZ-5F102.png","width":550,"height":470,"caption":"Kondicioner Mitsubishi Electric multisplit 2-6 njesi te brendshme, A+++ airplus clima lezhe"},{"@type":"BreadcrumbList","@id":"https:\/\/airplus-al.com\/product\/mxz-4f83\/#breadcrumb","itemListElement":[{"@type":"ListItem","position":1,"name":"Home","item":"https:\/\/airplus-al.com\/"},{"@type":"ListItem","position":2,"name":"Dyqani","item":"https:\/\/airplus-al.com\/dyqani\/"},{"@type":"ListItem","position":3,"name":"MXZ-4F83"}]},{"@type":"WebSite","@id":"https:\/\/airplus-al.com\/#website","url":"https:\/\/airplus-al.com\/","name":"Airplus","description":"Ideal Choice for every season","potentialAction":[{"@type":"SearchAction","target":{"@type":"EntryPoint","urlTemplate":"https:\/\/airplus-al.com\/?s={search_term_string}"},"query-input":{"@type":"PropertyValueSpecification","valueRequired":true,"valueName":"search_term_string"}}],"inLanguage":"en-GB"}]}},"_links":{"self":[{"href":"https:\/\/airplus-al.com\/en\/wp-json\/wp\/v2\/product\/387","targetHints":{"allow":["GET"]}}],"collection":[{"href":"https:\/\/airplus-al.com\/en\/wp-json\/wp\/v2\/product"}],"about":[{"href":"https:\/\/airplus-al.com\/en\/wp-json\/wp\/v2\/types\/product"}],"replies":[{"embeddable":true,"href":"https:\/\/airplus-al.com\/en\/wp-json\/wp\/v2\/comments?post=387"}],"wp:featuredmedia":[{"embeddable":true,"href":"https:\/\/airplus-al.com\/en\/wp-json\/wp\/v2\/media\/1047"}],"wp:attachment":[{"href":"https:\/\/airplus-al.com\/en\/wp-json\/wp\/v2\/media?parent=387"}],"wp:term":[{"taxonomy":"product_brand","embeddable":true,"href":"https:\/\/airplus-al.com\/en\/wp-json\/wp\/v2\/product_brand?post=387"},{"taxonomy":"product_cat","embeddable":true,"href":"https:\/\/airplus-al.com\/en\/wp-json\/wp\/v2\/product_cat?post=387"},{"taxonomy":"product_tag","embeddable":true,"href":"https:\/\/airplus-al.com\/en\/wp-json\/wp\/v2\/product_tag?post=387"}],"curies":[{"name":"wp","href":"https:\/\/api.w.org\/{rel}","templated":true}]}}