{"id":378,"date":"2025-06-21T20:03:27","date_gmt":"2025-06-21T20:03:27","guid":{"rendered":"https:\/\/airplus-al.com\/product\/mxz-2ha50vf\/"},"modified":"2026-02-13T14:36:24","modified_gmt":"2026-02-13T14:36:24","slug":"mxz-2ha50vf","status":"publish","type":"product","link":"https:\/\/airplus-al.com\/en\/product\/mxz-2ha50vf\/","title":{"rendered":"MXZ-2HA50VF"},"content":{"rendered":"<ul>\n<li>Teknologji Inverter Multisplit<\/li>\n<li>1 nj\u00ebsi e jashtme me 2 nj\u00ebsi t\u00eb brendshme<\/li>\n<li>E p\u00ebrshtatshme p\u00ebr t&#8217;u lidhur me modelet MSZ-DW dhe MSZ-HR<\/li>\n<li>Mund\u00ebsi p\u00ebr t&#8217;u lidhur me kapacitete t\u00eb ndryshme p\u00ebr secil\u00ebn nj\u00ebsi t\u00eb brendshme<\/li>\n<li>Kursim n\u00eb hap\u00ebsir\u00eb dhe konsum energjie<\/li>\n<\/ul>","protected":false},"excerpt":{"rendered":"<p>Sistem Multisplit Inverter \u2013 Mitsubishi Electric<\/p>\n<p>Zgjidhje efikase p\u00ebr kursim hap\u00ebsire dhe energjie.<br \/>\nMe vet\u00ebm nj\u00eb motor t\u00eb jasht\u00ebm, mund t\u00eb lidhni deri n\u00eb 2 ose 3 nj\u00ebsi t\u00eb brendshme t\u00eb modeleve MSZ-DW dhe MSZ-HR, duke garantuar performanc\u00eb t\u00eb lart\u00eb dhe instalim t\u00eb optimizuar.<\/p>\n<p>&nbsp;<\/p>\n<p>Kujdes! \u00c7mimi \u00ebsht\u00eb vet\u00ebm p\u00ebr nj\u00ebsin\u00eb e jashtme. P\u00ebr m\u00eb shum\u00eb informacion na kontaktoni.<\/p>","protected":false},"featured_media":1052,"comment_status":"closed","ping_status":"closed","template":"","meta":[],"product_brand":[70],"product_cat":[125],"product_tag":[79,50,39,38,40,80],"class_list":{"0":"post-378","1":"product","2":"type-product","3":"status-publish","4":"has-post-thumbnail","6":"product_brand-mitsubishi-electric","7":"product_cat-2-njesi-multisplit-sistemi","8":"product_tag-2-njesi","9":"product_tag-5-0-kw","10":"product_tag-a-3","11":"product_tag-a","12":"product_tag-mitsubishi-electric","13":"product_tag-multisplit","14":"pa_eficenca-energjitike-ftohje-ftohje-a","15":"pa_eficenca-energjitike-ngrohje-ngrohje-a1","16":"pa_kapaciteti-ne-kw-5-0-kw","17":"pa_ngjyra-e-bardhe","19":"first","20":"instock","21":"taxable","22":"shipping-taxable","23":"product-type-simple"},"yoast_head":"<!-- This site is optimized with the Yoast SEO plugin v27.4 - https:\/\/yoast.com\/product\/yoast-seo-wordpress\/ -->\n<title>MXZ-2HA50VF - Airplus<\/title>\n<meta name=\"robots\" content=\"index, follow, max-snippet:-1, max-image-preview:large, max-video-preview:-1\" \/>\n<link rel=\"canonical\" href=\"https:\/\/airplus-al.com\/en\/product\/mxz-2ha50vf\/\" \/>\n<meta property=\"og:locale\" content=\"en_GB\" \/>\n<meta property=\"og:type\" content=\"article\" \/>\n<meta property=\"og:title\" content=\"MXZ-2HA50VF - Airplus\" \/>\n<meta property=\"og:description\" content=\"Sistem Multisplit Inverter \u2013 Mitsubishi Electric  Zgjidhje efikase p\u00ebr kursim hap\u00ebsire dhe energjie. Me vet\u00ebm nj\u00eb motor t\u00eb jasht\u00ebm, mund t\u00eb lidhni deri n\u00eb 2 ose 3 nj\u00ebsi t\u00eb brendshme t\u00eb modeleve MSZ-DW dhe MSZ-HR, duke garantuar performanc\u00eb t\u00eb lart\u00eb dhe instalim t\u00eb optimizuar.  &nbsp;  Kujdes! \u00c7mimi \u00ebsht\u00eb vet\u00ebm p\u00ebr nj\u00ebsin\u00eb e jashtme. P\u00ebr m\u00eb shum\u00eb informacion na kontaktoni.\" \/>\n<meta property=\"og:url\" content=\"https:\/\/airplus-al.com\/en\/product\/mxz-2ha50vf\/\" \/>\n<meta property=\"og:site_name\" content=\"Airplus\" \/>\n<meta property=\"article:modified_time\" content=\"2026-02-13T14:36:24+00:00\" \/>\n<meta property=\"og:image\" content=\"https:\/\/airplus-al.com\/wp-content\/uploads\/2025\/06\/MXZ-2F42.png\" \/>\n\t<meta property=\"og:image:width\" content=\"550\" \/>\n\t<meta property=\"og:image:height\" content=\"470\" \/>\n\t<meta property=\"og:image:type\" content=\"image\/png\" \/>\n<meta name=\"twitter:card\" content=\"summary_large_image\" \/>\n<meta name=\"twitter:label1\" content=\"Estimated reading time\" \/>\n\t<meta name=\"twitter:data1\" content=\"1 minute\" \/>\n<script type=\"application\/ld+json\" class=\"yoast-schema-graph\">{\"@context\":\"https:\\\/\\\/schema.org\",\"@graph\":[{\"@type\":\"WebPage\",\"@id\":\"https:\\\/\\\/airplus-al.com\\\/product\\\/mxz-2ha50vf\\\/\",\"url\":\"https:\\\/\\\/airplus-al.com\\\/product\\\/mxz-2ha50vf\\\/\",\"name\":\"MXZ-2HA50VF - Airplus\",\"isPartOf\":{\"@id\":\"https:\\\/\\\/airplus-al.com\\\/#website\"},\"primaryImageOfPage\":{\"@id\":\"https:\\\/\\\/airplus-al.com\\\/product\\\/mxz-2ha50vf\\\/#primaryimage\"},\"image\":{\"@id\":\"https:\\\/\\\/airplus-al.com\\\/product\\\/mxz-2ha50vf\\\/#primaryimage\"},\"thumbnailUrl\":\"https:\\\/\\\/airplus-al.com\\\/wp-content\\\/uploads\\\/2025\\\/06\\\/MXZ-2F42.png\",\"datePublished\":\"2025-06-21T20:03:27+00:00\",\"dateModified\":\"2026-02-13T14:36:24+00:00\",\"breadcrumb\":{\"@id\":\"https:\\\/\\\/airplus-al.com\\\/product\\\/mxz-2ha50vf\\\/#breadcrumb\"},\"inLanguage\":\"en-GB\",\"potentialAction\":[{\"@type\":\"ReadAction\",\"target\":[\"https:\\\/\\\/airplus-al.com\\\/product\\\/mxz-2ha50vf\\\/\"]}]},{\"@type\":\"ImageObject\",\"inLanguage\":\"en-GB\",\"@id\":\"https:\\\/\\\/airplus-al.com\\\/product\\\/mxz-2ha50vf\\\/#primaryimage\",\"url\":\"https:\\\/\\\/airplus-al.com\\\/wp-content\\\/uploads\\\/2025\\\/06\\\/MXZ-2F42.png\",\"contentUrl\":\"https:\\\/\\\/airplus-al.com\\\/wp-content\\\/uploads\\\/2025\\\/06\\\/MXZ-2F42.png\",\"width\":550,\"height\":470,\"caption\":\"kondicioner Multisplit mitsubishi electric mxz-ha, msz-hr, msz-dw, airplus clima systems lezhe, shengjin, velipoje\"},{\"@type\":\"BreadcrumbList\",\"@id\":\"https:\\\/\\\/airplus-al.com\\\/product\\\/mxz-2ha50vf\\\/#breadcrumb\",\"itemListElement\":[{\"@type\":\"ListItem\",\"position\":1,\"name\":\"Home\",\"item\":\"https:\\\/\\\/airplus-al.com\\\/\"},{\"@type\":\"ListItem\",\"position\":2,\"name\":\"Dyqani\",\"item\":\"https:\\\/\\\/airplus-al.com\\\/dyqani\\\/\"},{\"@type\":\"ListItem\",\"position\":3,\"name\":\"MXZ-2HA50VF\"}]},{\"@type\":\"WebSite\",\"@id\":\"https:\\\/\\\/airplus-al.com\\\/#website\",\"url\":\"https:\\\/\\\/airplus-al.com\\\/\",\"name\":\"Airplus\",\"description\":\"Klima ideale p\u00ebr \u00e7do stin\u00eb\",\"potentialAction\":[{\"@type\":\"SearchAction\",\"target\":{\"@type\":\"EntryPoint\",\"urlTemplate\":\"https:\\\/\\\/airplus-al.com\\\/?s={search_term_string}\"},\"query-input\":{\"@type\":\"PropertyValueSpecification\",\"valueRequired\":true,\"valueName\":\"search_term_string\"}}],\"inLanguage\":\"en-GB\"}]}<\/script>\n<!-- \/ Yoast SEO plugin. -->","yoast_head_json":{"title":"MXZ-2HA50VF - Airplus","robots":{"index":"index","follow":"follow","max-snippet":"max-snippet:-1","max-image-preview":"max-image-preview:large","max-video-preview":"max-video-preview:-1"},"canonical":"https:\/\/airplus-al.com\/en\/product\/mxz-2ha50vf\/","og_locale":"en_GB","og_type":"article","og_title":"MXZ-2HA50VF - Airplus","og_description":"Sistem Multisplit Inverter \u2013 Mitsubishi Electric  Zgjidhje efikase p\u00ebr kursim hap\u00ebsire dhe energjie. Me vet\u00ebm nj\u00eb motor t\u00eb jasht\u00ebm, mund t\u00eb lidhni deri n\u00eb 2 ose 3 nj\u00ebsi t\u00eb brendshme t\u00eb modeleve MSZ-DW dhe MSZ-HR, duke garantuar performanc\u00eb t\u00eb lart\u00eb dhe instalim t\u00eb optimizuar.  &nbsp;  Kujdes! \u00c7mimi \u00ebsht\u00eb vet\u00ebm p\u00ebr nj\u00ebsin\u00eb e jashtme. P\u00ebr m\u00eb shum\u00eb informacion na kontaktoni.","og_url":"https:\/\/airplus-al.com\/en\/product\/mxz-2ha50vf\/","og_site_name":"Airplus","article_modified_time":"2026-02-13T14:36:24+00:00","og_image":[{"width":550,"height":470,"url":"https:\/\/airplus-al.com\/wp-content\/uploads\/2025\/06\/MXZ-2F42.png","type":"image\/png"}],"twitter_card":"summary_large_image","twitter_misc":{"Estimated reading time":"1 minute"},"schema":{"@context":"https:\/\/schema.org","@graph":[{"@type":"WebPage","@id":"https:\/\/airplus-al.com\/product\/mxz-2ha50vf\/","url":"https:\/\/airplus-al.com\/product\/mxz-2ha50vf\/","name":"MXZ-2HA50VF - Airplus","isPartOf":{"@id":"https:\/\/airplus-al.com\/#website"},"primaryImageOfPage":{"@id":"https:\/\/airplus-al.com\/product\/mxz-2ha50vf\/#primaryimage"},"image":{"@id":"https:\/\/airplus-al.com\/product\/mxz-2ha50vf\/#primaryimage"},"thumbnailUrl":"https:\/\/airplus-al.com\/wp-content\/uploads\/2025\/06\/MXZ-2F42.png","datePublished":"2025-06-21T20:03:27+00:00","dateModified":"2026-02-13T14:36:24+00:00","breadcrumb":{"@id":"https:\/\/airplus-al.com\/product\/mxz-2ha50vf\/#breadcrumb"},"inLanguage":"en-GB","potentialAction":[{"@type":"ReadAction","target":["https:\/\/airplus-al.com\/product\/mxz-2ha50vf\/"]}]},{"@type":"ImageObject","inLanguage":"en-GB","@id":"https:\/\/airplus-al.com\/product\/mxz-2ha50vf\/#primaryimage","url":"https:\/\/airplus-al.com\/wp-content\/uploads\/2025\/06\/MXZ-2F42.png","contentUrl":"https:\/\/airplus-al.com\/wp-content\/uploads\/2025\/06\/MXZ-2F42.png","width":550,"height":470,"caption":"kondicioner Multisplit mitsubishi electric mxz-ha, msz-hr, msz-dw, airplus clima systems lezhe, shengjin, velipoje"},{"@type":"BreadcrumbList","@id":"https:\/\/airplus-al.com\/product\/mxz-2ha50vf\/#breadcrumb","itemListElement":[{"@type":"ListItem","position":1,"name":"Home","item":"https:\/\/airplus-al.com\/"},{"@type":"ListItem","position":2,"name":"Dyqani","item":"https:\/\/airplus-al.com\/dyqani\/"},{"@type":"ListItem","position":3,"name":"MXZ-2HA50VF"}]},{"@type":"WebSite","@id":"https:\/\/airplus-al.com\/#website","url":"https:\/\/airplus-al.com\/","name":"Airplus","description":"Ideal Choice for every season","potentialAction":[{"@type":"SearchAction","target":{"@type":"EntryPoint","urlTemplate":"https:\/\/airplus-al.com\/?s={search_term_string}"},"query-input":{"@type":"PropertyValueSpecification","valueRequired":true,"valueName":"search_term_string"}}],"inLanguage":"en-GB"}]}},"_links":{"self":[{"href":"https:\/\/airplus-al.com\/en\/wp-json\/wp\/v2\/product\/378","targetHints":{"allow":["GET"]}}],"collection":[{"href":"https:\/\/airplus-al.com\/en\/wp-json\/wp\/v2\/product"}],"about":[{"href":"https:\/\/airplus-al.com\/en\/wp-json\/wp\/v2\/types\/product"}],"replies":[{"embeddable":true,"href":"https:\/\/airplus-al.com\/en\/wp-json\/wp\/v2\/comments?post=378"}],"wp:featuredmedia":[{"embeddable":true,"href":"https:\/\/airplus-al.com\/en\/wp-json\/wp\/v2\/media\/1052"}],"wp:attachment":[{"href":"https:\/\/airplus-al.com\/en\/wp-json\/wp\/v2\/media?parent=378"}],"wp:term":[{"taxonomy":"product_brand","embeddable":true,"href":"https:\/\/airplus-al.com\/en\/wp-json\/wp\/v2\/product_brand?post=378"},{"taxonomy":"product_cat","embeddable":true,"href":"https:\/\/airplus-al.com\/en\/wp-json\/wp\/v2\/product_cat?post=378"},{"taxonomy":"product_tag","embeddable":true,"href":"https:\/\/airplus-al.com\/en\/wp-json\/wp\/v2\/product_tag?post=378"}],"curies":[{"name":"wp","href":"https:\/\/api.w.org\/{rel}","templated":true}]}}