{"id":375,"date":"2025-06-21T20:03:27","date_gmt":"2025-06-21T20:03:27","guid":{"rendered":"https:\/\/airplus-al.com\/product\/mfz-kt50\/"},"modified":"2026-02-13T14:36:38","modified_gmt":"2026-02-13T14:36:38","slug":"mfz-kt50","status":"publish","type":"product","link":"https:\/\/airplus-al.com\/en\/product\/mfz-kt50\/","title":{"rendered":"MFZ-KT50"},"content":{"rendered":"<ul>\n<li>18 000 BTU<\/li>\n<li>Ftohje: A++<\/li>\n<li>Ngrohje: A+<\/li>\n<li>Ngrohje n\u00eb zona me klim\u00eb t\u00eb but\u00eb: A+++ (Referenc\u00eb: klima e Athin\u00ebs)<\/li>\n<li>Nj\u00ebsi me shum\u00eb flet\u00eb kontrolli<\/li>\n<li>Programues javor<\/li>\n<li>Sistem kontrolli Wi-Fi (opsional)<\/li>\n<li>Funksioni \u201ci-save\u201d<\/li>\n<li>I qet\u00eb n\u00eb punim<\/li>\n<\/ul>","protected":false},"excerpt":{"rendered":"<p>MFZ-KT \u2013 Kondicioner dysheme Mitsubishi Electric<br \/>\nModel me trajt\u00eb t\u00eb shesht\u00eb dhe elegante, i p\u00ebrshtatsh\u00ebm p\u00ebr instalim n\u00eb m\u00ebnyra t\u00eb ndryshme:<br \/>\n&#8211; i varur n\u00eb mur<br \/>\n&#8211; pjes\u00ebrisht i futur n\u00eb mur<br \/>\n&#8211; i vendosur mbi dysheme<\/p>\n<p>I dizenjuar p\u00ebr efikasitet, fleksibilitet n\u00eb montim dhe harmoni me ambientin. Ideal p\u00ebr hap\u00ebsira ku instalimi klasik n\u00eb mur nuk \u00ebsht\u00eb i mundur.<\/p>","protected":false},"featured_media":1069,"comment_status":"closed","ping_status":"closed","template":"","meta":[],"product_brand":[70],"product_cat":[123],"product_tag":[51,50,39,38,74,43,40,42],"class_list":{"0":"post-375","1":"product","2":"type-product","3":"status-publish","4":"has-post-thumbnail","6":"product_brand-mitsubishi-electric","7":"product_cat-dysheme-monosplit-sistemi","8":"product_tag-18-000-btu","9":"product_tag-5-0-kw","10":"product_tag-a-3","11":"product_tag-a","12":"product_tag-dysheme","13":"product_tag-e-bardhe","14":"product_tag-mitsubishi-electric","15":"product_tag-monosplit","16":"pa_eficenca-energjitike-ftohje-ftohje-a","17":"pa_eficenca-energjitike-ngrohje-ngrohje-a-2","18":"pa_kapaciteti-ne-kw-5-0-kw","19":"pa_ngjyra-e-bardhe","21":"first","22":"instock","23":"taxable","24":"shipping-taxable","25":"product-type-simple"},"yoast_head":"<!-- This site is optimized with the Yoast SEO plugin v27.4 - https:\/\/yoast.com\/product\/yoast-seo-wordpress\/ -->\n<title>MFZ-KT50 - Airplus<\/title>\n<meta name=\"description\" content=\"Kondicioner Mitsubishi Electric MFZ-KT50, 18 000 BTU, dysheme, inverter, eficienc\u00eb energjitike A+++.Zgjidh komfortin, zgjidh Airplus Clima Systems | Lezh\u00eb\" \/>\n<meta name=\"robots\" content=\"index, follow, max-snippet:-1, max-image-preview:large, max-video-preview:-1\" \/>\n<link rel=\"canonical\" href=\"https:\/\/airplus-al.com\/en\/product\/mfz-kt50\/\" \/>\n<meta property=\"og:locale\" content=\"en_GB\" \/>\n<meta property=\"og:type\" content=\"article\" \/>\n<meta property=\"og:title\" content=\"MFZ-KT50 - Airplus\" \/>\n<meta property=\"og:description\" content=\"Kondicioner Mitsubishi Electric MFZ-KT50, 18 000 BTU, dysheme, inverter, eficienc\u00eb energjitike A+++.Zgjidh komfortin, zgjidh Airplus Clima Systems | Lezh\u00eb\" \/>\n<meta property=\"og:url\" content=\"https:\/\/airplus-al.com\/en\/product\/mfz-kt50\/\" \/>\n<meta property=\"og:site_name\" content=\"Airplus\" \/>\n<meta property=\"article:modified_time\" content=\"2026-02-13T14:36:38+00:00\" \/>\n<meta property=\"og:image\" content=\"https:\/\/airplus-al.com\/wp-content\/uploads\/2025\/06\/MFZ-KT253550-1-1.png\" \/>\n\t<meta property=\"og:image:width\" content=\"550\" \/>\n\t<meta property=\"og:image:height\" content=\"470\" \/>\n\t<meta property=\"og:image:type\" content=\"image\/png\" \/>\n<meta name=\"twitter:card\" content=\"summary_large_image\" \/>\n<meta name=\"twitter:label1\" content=\"Estimated reading time\" \/>\n\t<meta name=\"twitter:data1\" content=\"1 minute\" \/>\n<script type=\"application\/ld+json\" class=\"yoast-schema-graph\">{\"@context\":\"https:\\\/\\\/schema.org\",\"@graph\":[{\"@type\":\"WebPage\",\"@id\":\"https:\\\/\\\/airplus-al.com\\\/product\\\/mfz-kt50\\\/\",\"url\":\"https:\\\/\\\/airplus-al.com\\\/product\\\/mfz-kt50\\\/\",\"name\":\"MFZ-KT50 - Airplus\",\"isPartOf\":{\"@id\":\"https:\\\/\\\/airplus-al.com\\\/#website\"},\"primaryImageOfPage\":{\"@id\":\"https:\\\/\\\/airplus-al.com\\\/product\\\/mfz-kt50\\\/#primaryimage\"},\"image\":{\"@id\":\"https:\\\/\\\/airplus-al.com\\\/product\\\/mfz-kt50\\\/#primaryimage\"},\"thumbnailUrl\":\"https:\\\/\\\/airplus-al.com\\\/wp-content\\\/uploads\\\/2025\\\/06\\\/MFZ-KT253550-1-1.png\",\"datePublished\":\"2025-06-21T20:03:27+00:00\",\"dateModified\":\"2026-02-13T14:36:38+00:00\",\"description\":\"Kondicioner Mitsubishi Electric MFZ-KT50, 18 000 BTU, dysheme, inverter, eficienc\u00eb energjitike A+++.Zgjidh komfortin, zgjidh Airplus Clima Systems | Lezh\u00eb\",\"breadcrumb\":{\"@id\":\"https:\\\/\\\/airplus-al.com\\\/product\\\/mfz-kt50\\\/#breadcrumb\"},\"inLanguage\":\"en-GB\",\"potentialAction\":[{\"@type\":\"ReadAction\",\"target\":[\"https:\\\/\\\/airplus-al.com\\\/product\\\/mfz-kt50\\\/\"]}]},{\"@type\":\"ImageObject\",\"inLanguage\":\"en-GB\",\"@id\":\"https:\\\/\\\/airplus-al.com\\\/product\\\/mfz-kt50\\\/#primaryimage\",\"url\":\"https:\\\/\\\/airplus-al.com\\\/wp-content\\\/uploads\\\/2025\\\/06\\\/MFZ-KT253550-1-1.png\",\"contentUrl\":\"https:\\\/\\\/airplus-al.com\\\/wp-content\\\/uploads\\\/2025\\\/06\\\/MFZ-KT253550-1-1.png\",\"width\":550,\"height\":470,\"caption\":\"kondicioner mitsubishi electric lezhe shengjin velipoje mfz-kt\"},{\"@type\":\"BreadcrumbList\",\"@id\":\"https:\\\/\\\/airplus-al.com\\\/product\\\/mfz-kt50\\\/#breadcrumb\",\"itemListElement\":[{\"@type\":\"ListItem\",\"position\":1,\"name\":\"Home\",\"item\":\"https:\\\/\\\/airplus-al.com\\\/\"},{\"@type\":\"ListItem\",\"position\":2,\"name\":\"Dyqani\",\"item\":\"https:\\\/\\\/airplus-al.com\\\/dyqani\\\/\"},{\"@type\":\"ListItem\",\"position\":3,\"name\":\"MFZ-KT50\"}]},{\"@type\":\"WebSite\",\"@id\":\"https:\\\/\\\/airplus-al.com\\\/#website\",\"url\":\"https:\\\/\\\/airplus-al.com\\\/\",\"name\":\"Airplus\",\"description\":\"Klima ideale p\u00ebr \u00e7do stin\u00eb\",\"potentialAction\":[{\"@type\":\"SearchAction\",\"target\":{\"@type\":\"EntryPoint\",\"urlTemplate\":\"https:\\\/\\\/airplus-al.com\\\/?s={search_term_string}\"},\"query-input\":{\"@type\":\"PropertyValueSpecification\",\"valueRequired\":true,\"valueName\":\"search_term_string\"}}],\"inLanguage\":\"en-GB\"}]}<\/script>\n<!-- \/ Yoast SEO plugin. -->","yoast_head_json":{"title":"MFZ-KT50 - Airplus","description":"Kondicioner Mitsubishi Electric MFZ-KT50, 18 000 BTU, dysheme, inverter, eficienc\u00eb energjitike A+++.Zgjidh komfortin, zgjidh Airplus Clima Systems | Lezh\u00eb","robots":{"index":"index","follow":"follow","max-snippet":"max-snippet:-1","max-image-preview":"max-image-preview:large","max-video-preview":"max-video-preview:-1"},"canonical":"https:\/\/airplus-al.com\/en\/product\/mfz-kt50\/","og_locale":"en_GB","og_type":"article","og_title":"MFZ-KT50 - Airplus","og_description":"Kondicioner Mitsubishi Electric MFZ-KT50, 18 000 BTU, dysheme, inverter, eficienc\u00eb energjitike A+++.Zgjidh komfortin, zgjidh Airplus Clima Systems | Lezh\u00eb","og_url":"https:\/\/airplus-al.com\/en\/product\/mfz-kt50\/","og_site_name":"Airplus","article_modified_time":"2026-02-13T14:36:38+00:00","og_image":[{"width":550,"height":470,"url":"https:\/\/airplus-al.com\/wp-content\/uploads\/2025\/06\/MFZ-KT253550-1-1.png","type":"image\/png"}],"twitter_card":"summary_large_image","twitter_misc":{"Estimated reading time":"1 minute"},"schema":{"@context":"https:\/\/schema.org","@graph":[{"@type":"WebPage","@id":"https:\/\/airplus-al.com\/product\/mfz-kt50\/","url":"https:\/\/airplus-al.com\/product\/mfz-kt50\/","name":"MFZ-KT50 - Airplus","isPartOf":{"@id":"https:\/\/airplus-al.com\/#website"},"primaryImageOfPage":{"@id":"https:\/\/airplus-al.com\/product\/mfz-kt50\/#primaryimage"},"image":{"@id":"https:\/\/airplus-al.com\/product\/mfz-kt50\/#primaryimage"},"thumbnailUrl":"https:\/\/airplus-al.com\/wp-content\/uploads\/2025\/06\/MFZ-KT253550-1-1.png","datePublished":"2025-06-21T20:03:27+00:00","dateModified":"2026-02-13T14:36:38+00:00","description":"Kondicioner Mitsubishi Electric MFZ-KT50, 18 000 BTU, dysheme, inverter, eficienc\u00eb energjitike A+++.Zgjidh komfortin, zgjidh Airplus Clima Systems | Lezh\u00eb","breadcrumb":{"@id":"https:\/\/airplus-al.com\/product\/mfz-kt50\/#breadcrumb"},"inLanguage":"en-GB","potentialAction":[{"@type":"ReadAction","target":["https:\/\/airplus-al.com\/product\/mfz-kt50\/"]}]},{"@type":"ImageObject","inLanguage":"en-GB","@id":"https:\/\/airplus-al.com\/product\/mfz-kt50\/#primaryimage","url":"https:\/\/airplus-al.com\/wp-content\/uploads\/2025\/06\/MFZ-KT253550-1-1.png","contentUrl":"https:\/\/airplus-al.com\/wp-content\/uploads\/2025\/06\/MFZ-KT253550-1-1.png","width":550,"height":470,"caption":"kondicioner mitsubishi electric lezhe shengjin velipoje mfz-kt"},{"@type":"BreadcrumbList","@id":"https:\/\/airplus-al.com\/product\/mfz-kt50\/#breadcrumb","itemListElement":[{"@type":"ListItem","position":1,"name":"Home","item":"https:\/\/airplus-al.com\/"},{"@type":"ListItem","position":2,"name":"Dyqani","item":"https:\/\/airplus-al.com\/dyqani\/"},{"@type":"ListItem","position":3,"name":"MFZ-KT50"}]},{"@type":"WebSite","@id":"https:\/\/airplus-al.com\/#website","url":"https:\/\/airplus-al.com\/","name":"Airplus","description":"Ideal Choice for every season","potentialAction":[{"@type":"SearchAction","target":{"@type":"EntryPoint","urlTemplate":"https:\/\/airplus-al.com\/?s={search_term_string}"},"query-input":{"@type":"PropertyValueSpecification","valueRequired":true,"valueName":"search_term_string"}}],"inLanguage":"en-GB"}]}},"_links":{"self":[{"href":"https:\/\/airplus-al.com\/en\/wp-json\/wp\/v2\/product\/375","targetHints":{"allow":["GET"]}}],"collection":[{"href":"https:\/\/airplus-al.com\/en\/wp-json\/wp\/v2\/product"}],"about":[{"href":"https:\/\/airplus-al.com\/en\/wp-json\/wp\/v2\/types\/product"}],"replies":[{"embeddable":true,"href":"https:\/\/airplus-al.com\/en\/wp-json\/wp\/v2\/comments?post=375"}],"wp:featuredmedia":[{"embeddable":true,"href":"https:\/\/airplus-al.com\/en\/wp-json\/wp\/v2\/media\/1069"}],"wp:attachment":[{"href":"https:\/\/airplus-al.com\/en\/wp-json\/wp\/v2\/media?parent=375"}],"wp:term":[{"taxonomy":"product_brand","embeddable":true,"href":"https:\/\/airplus-al.com\/en\/wp-json\/wp\/v2\/product_brand?post=375"},{"taxonomy":"product_cat","embeddable":true,"href":"https:\/\/airplus-al.com\/en\/wp-json\/wp\/v2\/product_cat?post=375"},{"taxonomy":"product_tag","embeddable":true,"href":"https:\/\/airplus-al.com\/en\/wp-json\/wp\/v2\/product_tag?post=375"}],"curies":[{"name":"wp","href":"https:\/\/api.w.org\/{rel}","templated":true}]}}