{"id":371,"date":"2025-06-21T20:03:24","date_gmt":"2025-06-21T20:03:24","guid":{"rendered":"https:\/\/airplus-al.com\/product\/msz-l50b\/"},"modified":"2026-02-13T14:36:59","modified_gmt":"2026-02-13T14:36:59","slug":"msz-ln50b","status":"publish","type":"product","link":"https:\/\/airplus-al.com\/en\/product\/msz-ln50b\/","title":{"rendered":"MSZ-LN50B"},"content":{"rendered":"<ul>\n<li>18 000 BTU | 5.0 kW<\/li>\n<li>Ngjyra: E zez\u00eb<\/li>\n<li>Ftohje: A+++<\/li>\n<li>Ngrohje: A+++<\/li>\n<li>Luks dhe eleganc\u00eb<\/li>\n<li>Eficienc\u00eb e lart\u00eb energjetike<\/li>\n<li>Sensori 3D i-see<\/li>\n<li>Riqarkullim rrethor i ajrit<\/li>\n<li>Filt\u00ebr Plasma Quad Plus<\/li>\n<li>Sistem kontrolli Wi-Fi<\/li>\n<li>Barrier\u00eb e dyfisht\u00eb<\/li>\n<li>Flet\u00eb e dyfisht\u00eb<\/li>\n<li>Pultet<\/li>\n<li>Ngrohje me 10\u00b0C<\/li>\n<li>Funksioni \u201cNight Mode\u201d<\/li>\n<li>Funksioni \u201ci-save\u201d<\/li>\n<li>Programues javor<\/li>\n<li>I qet\u00eb n\u00eb punim<\/li>\n<\/ul>","protected":false},"excerpt":{"rendered":"<p>MSZ-LN nga Mitsubishi Electric \u00ebsht\u00eb krijuar p\u00ebr t\u00eb plot\u00ebsuar dekorin modern t\u00eb ambienteve t\u00eb brendshme. Vjen n\u00eb 4 ngjyra t\u00eb kuruara, p\u00ebr t\u00eb sjell\u00eb harmoni natyrale n\u00eb \u00e7do hap\u00ebsir\u00eb.<br \/>\nP\u00ebrve\u00e7 dizajnit t\u00eb sofistikuar, ofron efi\u00e7enc\u00eb maksimale energjetike dhe komfort t\u00eb lart\u00eb n\u00eb funksionim.<\/p>","protected":false},"featured_media":1085,"comment_status":"closed","ping_status":"closed","template":"","meta":[],"product_brand":[70],"product_cat":[122],"product_tag":[51,50,38,65,67,40,42,41],"class_list":{"0":"post-371","1":"product","2":"type-product","3":"status-publish","4":"has-post-thumbnail","6":"product_brand-mitsubishi-electric","7":"product_cat-murale","8":"product_tag-18-000-btu","9":"product_tag-5-0-kw","10":"product_tag-a","11":"product_tag-a-5","12":"product_tag-e-zeze","13":"product_tag-mitsubishi-electric","14":"product_tag-monosplit","15":"product_tag-mural","16":"pa_eficenca-energjitike-ftohje-ftohje-a-2","17":"pa_kapaciteti-ne-kw-5-0-kw","18":"pa_ngjyra-e-zeze","20":"first","21":"instock","22":"taxable","23":"shipping-taxable","24":"product-type-simple"},"yoast_head":"<!-- This site is optimized with the Yoast SEO plugin v27.4 - https:\/\/yoast.com\/product\/yoast-seo-wordpress\/ -->\n<title>MSZ-LN50B - Airplus<\/title>\n<meta name=\"description\" content=\"Kondicioner Mitsubishi Electric MSZ-LN50, 18 000 BTU, e zez\u00eb, eficienc\u00eb energjitike A+++. Zgjidh komfortin, zgjidh Airplus Clima Systems | Lezh\u00eb\" \/>\n<meta name=\"robots\" content=\"index, follow, max-snippet:-1, max-image-preview:large, max-video-preview:-1\" \/>\n<link rel=\"canonical\" href=\"https:\/\/airplus-al.com\/en\/product\/msz-ln50b\/\" \/>\n<meta property=\"og:locale\" content=\"en_GB\" \/>\n<meta property=\"og:type\" content=\"article\" \/>\n<meta property=\"og:title\" content=\"MSZ-LN50B - Airplus\" \/>\n<meta property=\"og:description\" content=\"Kondicioner Mitsubishi Electric MSZ-LN50, 18 000 BTU, e zez\u00eb, eficienc\u00eb energjitike A+++. Zgjidh komfortin, zgjidh Airplus Clima Systems | Lezh\u00eb\" \/>\n<meta property=\"og:url\" content=\"https:\/\/airplus-al.com\/en\/product\/msz-ln50b\/\" \/>\n<meta property=\"og:site_name\" content=\"Airplus\" \/>\n<meta property=\"article:modified_time\" content=\"2026-02-13T14:36:59+00:00\" \/>\n<meta property=\"og:image\" content=\"https:\/\/airplus-al.com\/wp-content\/uploads\/2025\/06\/msz-ln50b.png\" \/>\n\t<meta property=\"og:image:width\" content=\"550\" \/>\n\t<meta property=\"og:image:height\" content=\"470\" \/>\n\t<meta property=\"og:image:type\" content=\"image\/png\" \/>\n<meta name=\"twitter:card\" content=\"summary_large_image\" \/>\n<meta name=\"twitter:label1\" content=\"Estimated reading time\" \/>\n\t<meta name=\"twitter:data1\" content=\"1 minute\" \/>\n<script type=\"application\/ld+json\" class=\"yoast-schema-graph\">{\"@context\":\"https:\\\/\\\/schema.org\",\"@graph\":[{\"@type\":\"WebPage\",\"@id\":\"https:\\\/\\\/airplus-al.com\\\/product\\\/msz-ln50b\\\/\",\"url\":\"https:\\\/\\\/airplus-al.com\\\/product\\\/msz-ln50b\\\/\",\"name\":\"MSZ-LN50B - Airplus\",\"isPartOf\":{\"@id\":\"https:\\\/\\\/airplus-al.com\\\/#website\"},\"primaryImageOfPage\":{\"@id\":\"https:\\\/\\\/airplus-al.com\\\/product\\\/msz-ln50b\\\/#primaryimage\"},\"image\":{\"@id\":\"https:\\\/\\\/airplus-al.com\\\/product\\\/msz-ln50b\\\/#primaryimage\"},\"thumbnailUrl\":\"https:\\\/\\\/airplus-al.com\\\/wp-content\\\/uploads\\\/2025\\\/06\\\/msz-ln50b.png\",\"datePublished\":\"2025-06-21T20:03:24+00:00\",\"dateModified\":\"2026-02-13T14:36:59+00:00\",\"description\":\"Kondicioner Mitsubishi Electric MSZ-LN50, 18 000 BTU, e zez\u00eb, eficienc\u00eb energjitike A+++. Zgjidh komfortin, zgjidh Airplus Clima Systems | Lezh\u00eb\",\"breadcrumb\":{\"@id\":\"https:\\\/\\\/airplus-al.com\\\/product\\\/msz-ln50b\\\/#breadcrumb\"},\"inLanguage\":\"en-GB\",\"potentialAction\":[{\"@type\":\"ReadAction\",\"target\":[\"https:\\\/\\\/airplus-al.com\\\/product\\\/msz-ln50b\\\/\"]}]},{\"@type\":\"ImageObject\",\"inLanguage\":\"en-GB\",\"@id\":\"https:\\\/\\\/airplus-al.com\\\/product\\\/msz-ln50b\\\/#primaryimage\",\"url\":\"https:\\\/\\\/airplus-al.com\\\/wp-content\\\/uploads\\\/2025\\\/06\\\/msz-ln50b.png\",\"contentUrl\":\"https:\\\/\\\/airplus-al.com\\\/wp-content\\\/uploads\\\/2025\\\/06\\\/msz-ln50b.png\",\"width\":550,\"height\":470,\"caption\":\"kondicioner mitsubishi electric lezhe shengjin velipoje msz-ln\"},{\"@type\":\"BreadcrumbList\",\"@id\":\"https:\\\/\\\/airplus-al.com\\\/product\\\/msz-ln50b\\\/#breadcrumb\",\"itemListElement\":[{\"@type\":\"ListItem\",\"position\":1,\"name\":\"Home\",\"item\":\"https:\\\/\\\/airplus-al.com\\\/\"},{\"@type\":\"ListItem\",\"position\":2,\"name\":\"Dyqani\",\"item\":\"https:\\\/\\\/airplus-al.com\\\/dyqani\\\/\"},{\"@type\":\"ListItem\",\"position\":3,\"name\":\"MSZ-LN50B\"}]},{\"@type\":\"WebSite\",\"@id\":\"https:\\\/\\\/airplus-al.com\\\/#website\",\"url\":\"https:\\\/\\\/airplus-al.com\\\/\",\"name\":\"Airplus\",\"description\":\"Klima ideale p\u00ebr \u00e7do stin\u00eb\",\"potentialAction\":[{\"@type\":\"SearchAction\",\"target\":{\"@type\":\"EntryPoint\",\"urlTemplate\":\"https:\\\/\\\/airplus-al.com\\\/?s={search_term_string}\"},\"query-input\":{\"@type\":\"PropertyValueSpecification\",\"valueRequired\":true,\"valueName\":\"search_term_string\"}}],\"inLanguage\":\"en-GB\"}]}<\/script>\n<!-- \/ Yoast SEO plugin. -->","yoast_head_json":{"title":"MSZ-LN50B - Airplus","description":"Kondicioner Mitsubishi Electric MSZ-LN50, 18 000 BTU, e zez\u00eb, eficienc\u00eb energjitike A+++. Zgjidh komfortin, zgjidh Airplus Clima Systems | Lezh\u00eb","robots":{"index":"index","follow":"follow","max-snippet":"max-snippet:-1","max-image-preview":"max-image-preview:large","max-video-preview":"max-video-preview:-1"},"canonical":"https:\/\/airplus-al.com\/en\/product\/msz-ln50b\/","og_locale":"en_GB","og_type":"article","og_title":"MSZ-LN50B - Airplus","og_description":"Kondicioner Mitsubishi Electric MSZ-LN50, 18 000 BTU, e zez\u00eb, eficienc\u00eb energjitike A+++. Zgjidh komfortin, zgjidh Airplus Clima Systems | Lezh\u00eb","og_url":"https:\/\/airplus-al.com\/en\/product\/msz-ln50b\/","og_site_name":"Airplus","article_modified_time":"2026-02-13T14:36:59+00:00","og_image":[{"width":550,"height":470,"url":"https:\/\/airplus-al.com\/wp-content\/uploads\/2025\/06\/msz-ln50b.png","type":"image\/png"}],"twitter_card":"summary_large_image","twitter_misc":{"Estimated reading time":"1 minute"},"schema":{"@context":"https:\/\/schema.org","@graph":[{"@type":"WebPage","@id":"https:\/\/airplus-al.com\/product\/msz-ln50b\/","url":"https:\/\/airplus-al.com\/product\/msz-ln50b\/","name":"MSZ-LN50B - Airplus","isPartOf":{"@id":"https:\/\/airplus-al.com\/#website"},"primaryImageOfPage":{"@id":"https:\/\/airplus-al.com\/product\/msz-ln50b\/#primaryimage"},"image":{"@id":"https:\/\/airplus-al.com\/product\/msz-ln50b\/#primaryimage"},"thumbnailUrl":"https:\/\/airplus-al.com\/wp-content\/uploads\/2025\/06\/msz-ln50b.png","datePublished":"2025-06-21T20:03:24+00:00","dateModified":"2026-02-13T14:36:59+00:00","description":"Kondicioner Mitsubishi Electric MSZ-LN50, 18 000 BTU, e zez\u00eb, eficienc\u00eb energjitike A+++. Zgjidh komfortin, zgjidh Airplus Clima Systems | Lezh\u00eb","breadcrumb":{"@id":"https:\/\/airplus-al.com\/product\/msz-ln50b\/#breadcrumb"},"inLanguage":"en-GB","potentialAction":[{"@type":"ReadAction","target":["https:\/\/airplus-al.com\/product\/msz-ln50b\/"]}]},{"@type":"ImageObject","inLanguage":"en-GB","@id":"https:\/\/airplus-al.com\/product\/msz-ln50b\/#primaryimage","url":"https:\/\/airplus-al.com\/wp-content\/uploads\/2025\/06\/msz-ln50b.png","contentUrl":"https:\/\/airplus-al.com\/wp-content\/uploads\/2025\/06\/msz-ln50b.png","width":550,"height":470,"caption":"kondicioner mitsubishi electric lezhe shengjin velipoje msz-ln"},{"@type":"BreadcrumbList","@id":"https:\/\/airplus-al.com\/product\/msz-ln50b\/#breadcrumb","itemListElement":[{"@type":"ListItem","position":1,"name":"Home","item":"https:\/\/airplus-al.com\/"},{"@type":"ListItem","position":2,"name":"Dyqani","item":"https:\/\/airplus-al.com\/dyqani\/"},{"@type":"ListItem","position":3,"name":"MSZ-LN50B"}]},{"@type":"WebSite","@id":"https:\/\/airplus-al.com\/#website","url":"https:\/\/airplus-al.com\/","name":"Airplus","description":"Ideal Choice for every season","potentialAction":[{"@type":"SearchAction","target":{"@type":"EntryPoint","urlTemplate":"https:\/\/airplus-al.com\/?s={search_term_string}"},"query-input":{"@type":"PropertyValueSpecification","valueRequired":true,"valueName":"search_term_string"}}],"inLanguage":"en-GB"}]}},"_links":{"self":[{"href":"https:\/\/airplus-al.com\/en\/wp-json\/wp\/v2\/product\/371","targetHints":{"allow":["GET"]}}],"collection":[{"href":"https:\/\/airplus-al.com\/en\/wp-json\/wp\/v2\/product"}],"about":[{"href":"https:\/\/airplus-al.com\/en\/wp-json\/wp\/v2\/types\/product"}],"replies":[{"embeddable":true,"href":"https:\/\/airplus-al.com\/en\/wp-json\/wp\/v2\/comments?post=371"}],"wp:featuredmedia":[{"embeddable":true,"href":"https:\/\/airplus-al.com\/en\/wp-json\/wp\/v2\/media\/1085"}],"wp:attachment":[{"href":"https:\/\/airplus-al.com\/en\/wp-json\/wp\/v2\/media?parent=371"}],"wp:term":[{"taxonomy":"product_brand","embeddable":true,"href":"https:\/\/airplus-al.com\/en\/wp-json\/wp\/v2\/product_brand?post=371"},{"taxonomy":"product_cat","embeddable":true,"href":"https:\/\/airplus-al.com\/en\/wp-json\/wp\/v2\/product_cat?post=371"},{"taxonomy":"product_tag","embeddable":true,"href":"https:\/\/airplus-al.com\/en\/wp-json\/wp\/v2\/product_tag?post=371"}],"curies":[{"name":"wp","href":"https:\/\/api.w.org\/{rel}","templated":true}]}}