{"id":366,"date":"2025-06-21T20:03:23","date_gmt":"2025-06-21T20:03:23","guid":{"rendered":"https:\/\/airplus-al.com\/product\/msz-ef35w\/"},"modified":"2026-02-13T14:37:31","modified_gmt":"2026-02-13T14:37:31","slug":"msz-ef35w","status":"publish","type":"product","link":"https:\/\/airplus-al.com\/en\/product\/msz-ef35w\/","title":{"rendered":"MSZ-EF35W"},"content":{"rendered":"<ul>\n<li>12 000 BTU<\/li>\n<li>Ftohje: A+++<\/li>\n<li>Ngrohje: A+++<\/li>\n<li>I qet\u00eb n\u00eb punim<\/li>\n<li>Sistem kontrolli Wi-Fi<\/li>\n<li>Filtrim i avancuar<\/li>\n<li>Filt\u00ebr Plasma Quad Connect (opsional)<\/li>\n<li>Funksioni \u201ci-save\u201d<\/li>\n<li>Funksioni \u201cNight Mode\u201d<\/li>\n<li>Modalitet Standby i ul\u00ebt<\/li>\n<li>Nj\u00ebsia e brendshme (HxWxD): 299-885-195 mm<\/li>\n<li>Nj\u00ebsia e jashtme (HxWxD): 550-800-285 mm<\/li>\n<li>Nj\u00ebsi e jashtme p\u00ebr zona t\u00eb ftohta<\/li>\n<li>Programues javor<\/li>\n<\/ul>","protected":false},"excerpt":{"rendered":"<p>MSZ-EF \u2013 Nj\u00ebsia e brendshme luksoze nga Mitsubishi Electric<\/p>\n<p>Kombinim perfekt i konsumit t\u00eb ul\u00ebt, performanc\u00ebs s\u00eb lart\u00eb dhe funksionimit tep\u00ebr t\u00eb qet\u00eb \u2013 MSZ-EF \u00ebsht\u00eb nj\u00eb zgjedhje elegante dhe funksionale p\u00ebr \u00e7do ambient t\u00eb brendsh\u00ebm.<br \/>\nDizenjuar p\u00ebr t\u00eb p\u00ebrmbushur k\u00ebrkesat m\u00eb t\u00eb larta estetike dhe teknologjike, kjo nj\u00ebsi \u00ebsht\u00eb po aq e p\u00ebrshtatshme p\u00ebr komfort sa edhe p\u00ebr stil t\u00eb rafinuar n\u00eb dekor.<\/p>","protected":false},"featured_media":1081,"comment_status":"closed","ping_status":"closed","template":"","meta":[],"product_brand":[70],"product_cat":[122],"product_tag":[47,46,65,43,40,42,41],"class_list":{"0":"post-366","1":"product","2":"type-product","3":"status-publish","4":"has-post-thumbnail","6":"product_brand-mitsubishi-electric","7":"product_cat-murale","8":"product_tag-12-000-btu","9":"product_tag-3-5-kw","10":"product_tag-a-5","11":"product_tag-e-bardhe","12":"product_tag-mitsubishi-electric","13":"product_tag-monosplit","14":"product_tag-mural","15":"pa_eficenca-energjitike-ftohje-ftohje-a-2","16":"pa_eficenca-energjitike-ngrohje-ngrohje-a-3","17":"pa_kapaciteti-ne-kw-3-5-kw","18":"pa_ngjyra-e-bardhe","20":"first","21":"instock","22":"taxable","23":"shipping-taxable","24":"product-type-simple"},"yoast_head":"<!-- This site is optimized with the Yoast SEO plugin v27.4 - https:\/\/yoast.com\/product\/yoast-seo-wordpress\/ -->\n<title>MSZ-EF35W - Airplus<\/title>\n<meta name=\"description\" content=\"Kondicioner Mitsubishi Electric MSZ-EF35, 12 000 BTU, eficienc\u00eb energjitike A+++. Zgjidh komfortin, zgjidh Airplus Clima Systems | Lezh\u00eb\" \/>\n<meta name=\"robots\" content=\"index, follow, max-snippet:-1, max-image-preview:large, max-video-preview:-1\" \/>\n<link rel=\"canonical\" href=\"https:\/\/airplus-al.com\/en\/product\/msz-ef35w\/\" \/>\n<meta property=\"og:locale\" content=\"en_GB\" \/>\n<meta property=\"og:type\" content=\"article\" \/>\n<meta property=\"og:title\" content=\"MSZ-EF35W - Airplus\" \/>\n<meta property=\"og:description\" content=\"Kondicioner Mitsubishi Electric MSZ-EF35, 12 000 BTU, eficienc\u00eb energjitike A+++. Zgjidh komfortin, zgjidh Airplus Clima Systems | Lezh\u00eb\" \/>\n<meta property=\"og:url\" content=\"https:\/\/airplus-al.com\/en\/product\/msz-ef35w\/\" \/>\n<meta property=\"og:site_name\" content=\"Airplus\" \/>\n<meta property=\"article:modified_time\" content=\"2026-02-13T14:37:31+00:00\" \/>\n<meta property=\"og:image\" content=\"https:\/\/airplus-al.com\/wp-content\/uploads\/2025\/06\/msz-ef25.png\" \/>\n\t<meta property=\"og:image:width\" content=\"550\" \/>\n\t<meta property=\"og:image:height\" content=\"470\" \/>\n\t<meta property=\"og:image:type\" content=\"image\/png\" \/>\n<meta name=\"twitter:card\" content=\"summary_large_image\" \/>\n<meta name=\"twitter:label1\" content=\"Estimated reading time\" \/>\n\t<meta name=\"twitter:data1\" content=\"1 minute\" \/>\n<script type=\"application\/ld+json\" class=\"yoast-schema-graph\">{\"@context\":\"https:\\\/\\\/schema.org\",\"@graph\":[{\"@type\":\"WebPage\",\"@id\":\"https:\\\/\\\/airplus-al.com\\\/product\\\/msz-ef35w\\\/\",\"url\":\"https:\\\/\\\/airplus-al.com\\\/product\\\/msz-ef35w\\\/\",\"name\":\"MSZ-EF35W - Airplus\",\"isPartOf\":{\"@id\":\"https:\\\/\\\/airplus-al.com\\\/#website\"},\"primaryImageOfPage\":{\"@id\":\"https:\\\/\\\/airplus-al.com\\\/product\\\/msz-ef35w\\\/#primaryimage\"},\"image\":{\"@id\":\"https:\\\/\\\/airplus-al.com\\\/product\\\/msz-ef35w\\\/#primaryimage\"},\"thumbnailUrl\":\"https:\\\/\\\/airplus-al.com\\\/wp-content\\\/uploads\\\/2025\\\/06\\\/msz-ef25.png\",\"datePublished\":\"2025-06-21T20:03:23+00:00\",\"dateModified\":\"2026-02-13T14:37:31+00:00\",\"description\":\"Kondicioner Mitsubishi Electric MSZ-EF35, 12 000 BTU, eficienc\u00eb energjitike A+++. Zgjidh komfortin, zgjidh Airplus Clima Systems | Lezh\u00eb\",\"breadcrumb\":{\"@id\":\"https:\\\/\\\/airplus-al.com\\\/product\\\/msz-ef35w\\\/#breadcrumb\"},\"inLanguage\":\"en-GB\",\"potentialAction\":[{\"@type\":\"ReadAction\",\"target\":[\"https:\\\/\\\/airplus-al.com\\\/product\\\/msz-ef35w\\\/\"]}]},{\"@type\":\"ImageObject\",\"inLanguage\":\"en-GB\",\"@id\":\"https:\\\/\\\/airplus-al.com\\\/product\\\/msz-ef35w\\\/#primaryimage\",\"url\":\"https:\\\/\\\/airplus-al.com\\\/wp-content\\\/uploads\\\/2025\\\/06\\\/msz-ef25.png\",\"contentUrl\":\"https:\\\/\\\/airplus-al.com\\\/wp-content\\\/uploads\\\/2025\\\/06\\\/msz-ef25.png\",\"width\":550,\"height\":470,\"caption\":\"kondicioner mitsubishi electric lezhe shengjin velipoje msz-ef\"},{\"@type\":\"BreadcrumbList\",\"@id\":\"https:\\\/\\\/airplus-al.com\\\/product\\\/msz-ef35w\\\/#breadcrumb\",\"itemListElement\":[{\"@type\":\"ListItem\",\"position\":1,\"name\":\"Home\",\"item\":\"https:\\\/\\\/airplus-al.com\\\/\"},{\"@type\":\"ListItem\",\"position\":2,\"name\":\"Dyqani\",\"item\":\"https:\\\/\\\/airplus-al.com\\\/dyqani\\\/\"},{\"@type\":\"ListItem\",\"position\":3,\"name\":\"MSZ-EF35W\"}]},{\"@type\":\"WebSite\",\"@id\":\"https:\\\/\\\/airplus-al.com\\\/#website\",\"url\":\"https:\\\/\\\/airplus-al.com\\\/\",\"name\":\"Airplus\",\"description\":\"Klima ideale p\u00ebr \u00e7do stin\u00eb\",\"potentialAction\":[{\"@type\":\"SearchAction\",\"target\":{\"@type\":\"EntryPoint\",\"urlTemplate\":\"https:\\\/\\\/airplus-al.com\\\/?s={search_term_string}\"},\"query-input\":{\"@type\":\"PropertyValueSpecification\",\"valueRequired\":true,\"valueName\":\"search_term_string\"}}],\"inLanguage\":\"en-GB\"}]}<\/script>\n<!-- \/ Yoast SEO plugin. -->","yoast_head_json":{"title":"MSZ-EF35W - Airplus","description":"Kondicioner Mitsubishi Electric MSZ-EF35, 12 000 BTU, eficienc\u00eb energjitike A+++. Zgjidh komfortin, zgjidh Airplus Clima Systems | Lezh\u00eb","robots":{"index":"index","follow":"follow","max-snippet":"max-snippet:-1","max-image-preview":"max-image-preview:large","max-video-preview":"max-video-preview:-1"},"canonical":"https:\/\/airplus-al.com\/en\/product\/msz-ef35w\/","og_locale":"en_GB","og_type":"article","og_title":"MSZ-EF35W - Airplus","og_description":"Kondicioner Mitsubishi Electric MSZ-EF35, 12 000 BTU, eficienc\u00eb energjitike A+++. Zgjidh komfortin, zgjidh Airplus Clima Systems | Lezh\u00eb","og_url":"https:\/\/airplus-al.com\/en\/product\/msz-ef35w\/","og_site_name":"Airplus","article_modified_time":"2026-02-13T14:37:31+00:00","og_image":[{"width":550,"height":470,"url":"https:\/\/airplus-al.com\/wp-content\/uploads\/2025\/06\/msz-ef25.png","type":"image\/png"}],"twitter_card":"summary_large_image","twitter_misc":{"Estimated reading time":"1 minute"},"schema":{"@context":"https:\/\/schema.org","@graph":[{"@type":"WebPage","@id":"https:\/\/airplus-al.com\/product\/msz-ef35w\/","url":"https:\/\/airplus-al.com\/product\/msz-ef35w\/","name":"MSZ-EF35W - Airplus","isPartOf":{"@id":"https:\/\/airplus-al.com\/#website"},"primaryImageOfPage":{"@id":"https:\/\/airplus-al.com\/product\/msz-ef35w\/#primaryimage"},"image":{"@id":"https:\/\/airplus-al.com\/product\/msz-ef35w\/#primaryimage"},"thumbnailUrl":"https:\/\/airplus-al.com\/wp-content\/uploads\/2025\/06\/msz-ef25.png","datePublished":"2025-06-21T20:03:23+00:00","dateModified":"2026-02-13T14:37:31+00:00","description":"Kondicioner Mitsubishi Electric MSZ-EF35, 12 000 BTU, eficienc\u00eb energjitike A+++. Zgjidh komfortin, zgjidh Airplus Clima Systems | Lezh\u00eb","breadcrumb":{"@id":"https:\/\/airplus-al.com\/product\/msz-ef35w\/#breadcrumb"},"inLanguage":"en-GB","potentialAction":[{"@type":"ReadAction","target":["https:\/\/airplus-al.com\/product\/msz-ef35w\/"]}]},{"@type":"ImageObject","inLanguage":"en-GB","@id":"https:\/\/airplus-al.com\/product\/msz-ef35w\/#primaryimage","url":"https:\/\/airplus-al.com\/wp-content\/uploads\/2025\/06\/msz-ef25.png","contentUrl":"https:\/\/airplus-al.com\/wp-content\/uploads\/2025\/06\/msz-ef25.png","width":550,"height":470,"caption":"kondicioner mitsubishi electric lezhe shengjin velipoje msz-ef"},{"@type":"BreadcrumbList","@id":"https:\/\/airplus-al.com\/product\/msz-ef35w\/#breadcrumb","itemListElement":[{"@type":"ListItem","position":1,"name":"Home","item":"https:\/\/airplus-al.com\/"},{"@type":"ListItem","position":2,"name":"Dyqani","item":"https:\/\/airplus-al.com\/dyqani\/"},{"@type":"ListItem","position":3,"name":"MSZ-EF35W"}]},{"@type":"WebSite","@id":"https:\/\/airplus-al.com\/#website","url":"https:\/\/airplus-al.com\/","name":"Airplus","description":"Ideal Choice for every season","potentialAction":[{"@type":"SearchAction","target":{"@type":"EntryPoint","urlTemplate":"https:\/\/airplus-al.com\/?s={search_term_string}"},"query-input":{"@type":"PropertyValueSpecification","valueRequired":true,"valueName":"search_term_string"}}],"inLanguage":"en-GB"}]}},"_links":{"self":[{"href":"https:\/\/airplus-al.com\/en\/wp-json\/wp\/v2\/product\/366","targetHints":{"allow":["GET"]}}],"collection":[{"href":"https:\/\/airplus-al.com\/en\/wp-json\/wp\/v2\/product"}],"about":[{"href":"https:\/\/airplus-al.com\/en\/wp-json\/wp\/v2\/types\/product"}],"replies":[{"embeddable":true,"href":"https:\/\/airplus-al.com\/en\/wp-json\/wp\/v2\/comments?post=366"}],"wp:featuredmedia":[{"embeddable":true,"href":"https:\/\/airplus-al.com\/en\/wp-json\/wp\/v2\/media\/1081"}],"wp:attachment":[{"href":"https:\/\/airplus-al.com\/en\/wp-json\/wp\/v2\/media?parent=366"}],"wp:term":[{"taxonomy":"product_brand","embeddable":true,"href":"https:\/\/airplus-al.com\/en\/wp-json\/wp\/v2\/product_brand?post=366"},{"taxonomy":"product_cat","embeddable":true,"href":"https:\/\/airplus-al.com\/en\/wp-json\/wp\/v2\/product_cat?post=366"},{"taxonomy":"product_tag","embeddable":true,"href":"https:\/\/airplus-al.com\/en\/wp-json\/wp\/v2\/product_tag?post=366"}],"curies":[{"name":"wp","href":"https:\/\/api.w.org\/{rel}","templated":true}]}}