{"id":359,"date":"2025-06-21T20:03:22","date_gmt":"2025-06-21T20:03:22","guid":{"rendered":"https:\/\/airplus-al.com\/product\/msz-ay25\/"},"modified":"2026-02-13T14:38:13","modified_gmt":"2026-02-13T14:38:13","slug":"msz-ay25","status":"publish","type":"product","link":"https:\/\/airplus-al.com\/en\/product\/msz-ay25\/","title":{"rendered":"MSZ-AY25"},"content":{"rendered":"<ul>\n<li>9 000 BTU<\/li>\n<li>Ftohje: A+++<\/li>\n<li>Ngrohje: A+++<\/li>\n<li>Teknologji Inverter<\/li>\n<li>WiFi i integruar<\/li>\n<li>Filt\u00ebr Plasma Quad Plus<\/li>\n<li>Dual Barrier Coating<\/li>\n<li>Efi\u00e7enc\u00eb e lart\u00eb energjetike<\/li>\n<li>Shp\u00ebrndarje ajri efikase<\/li>\n<li>Punon deri n\u00eb -20\u00b0C<\/li>\n<li>Funksioni \u201ci-save\u201d<\/li>\n<li>Funksioni \u201cNight Mode\u201d<\/li>\n<li>I qet\u00eb n\u00eb punim<\/li>\n<li>Programues javor<\/li>\n<li>Nj\u00ebsia e brendshme (HxWxD): 299-798-245 mm<\/li>\n<li>Nj\u00ebsia e jashtme (HxWxD): 550-800-285 mm<\/li>\n<\/ul>","protected":false},"excerpt":{"rendered":"<p>Seria e re MSZ-AY nga Mitsubishi Electric ofron efi\u00e7enc\u00eb t\u00eb lart\u00eb energjetike A+++, fal\u00eb teknologjis\u00eb s\u00eb avancuar Inverter dhe nd\u00ebrtimit inteligjent t\u00eb trash\u00ebguar nga seria MSZ-AP.<br \/>\nMe dizenjo kompakte, k\u00ebnde t\u00eb rrumbullak\u00ebta dhe sip\u00ebrfaqe t\u00eb shesht\u00eb n\u00eb ngjyr\u00eb t\u00eb bardh\u00eb mat, MSZ-AY p\u00ebrshtatet n\u00eb m\u00ebnyr\u00eb elegante me \u00e7do ambient.<\/p>\n<p>E pajisur me WiFi t\u00eb integruar<br \/>\nP\u00ebrfshin filtrin e avancuar Plasma Quad, q\u00eb ndihmon n\u00eb pastrimin e ajrit nga bakteret, viruset dhe grimcat e d\u00ebmshme.<\/p>","protected":false},"featured_media":1077,"comment_status":"closed","ping_status":"closed","template":"","meta":[],"product_brand":[70],"product_cat":[122],"product_tag":[36,37,65,43,40,42,41],"class_list":{"0":"post-359","1":"product","2":"type-product","3":"status-publish","4":"has-post-thumbnail","6":"product_brand-mitsubishi-electric","7":"product_cat-murale","8":"product_tag-2-5-kw","9":"product_tag-9-000-btu","10":"product_tag-a-5","11":"product_tag-e-bardhe","12":"product_tag-mitsubishi-electric","13":"product_tag-monosplit","14":"product_tag-mural","15":"pa_eficenca-energjitike-ftohje-ftohje-a-2","16":"pa_eficenca-energjitike-ngrohje-ngrohje-a-2","17":"pa_kapaciteti-ne-kw-2-5-kw","18":"pa_ngjyra-e-bardhe","20":"first","21":"instock","22":"taxable","23":"shipping-taxable","24":"product-type-simple"},"yoast_head":"<!-- This site is optimized with the Yoast SEO plugin v27.4 - https:\/\/yoast.com\/product\/yoast-seo-wordpress\/ -->\n<title>MSZ-AY25 - Airplus<\/title>\n<meta name=\"description\" content=\"Kondicioner Mitsubishi Electric MSZ-AY25, 9 000 BTU, eficienc\u00eb energjitike A+++. Zgjidh komfortin, zgjidh Airplus Clima Systems | Lezh\u00eb\" \/>\n<meta name=\"robots\" content=\"index, follow, max-snippet:-1, max-image-preview:large, max-video-preview:-1\" \/>\n<link rel=\"canonical\" href=\"https:\/\/airplus-al.com\/en\/product\/msz-ay25\/\" \/>\n<meta property=\"og:locale\" content=\"en_GB\" \/>\n<meta property=\"og:type\" content=\"article\" \/>\n<meta property=\"og:title\" content=\"MSZ-AY25 - Airplus\" \/>\n<meta property=\"og:description\" content=\"Kondicioner Mitsubishi Electric MSZ-AY25, 9 000 BTU, eficienc\u00eb energjitike A+++. Zgjidh komfortin, zgjidh Airplus Clima Systems | Lezh\u00eb\" \/>\n<meta property=\"og:url\" content=\"https:\/\/airplus-al.com\/en\/product\/msz-ay25\/\" \/>\n<meta property=\"og:site_name\" content=\"Airplus\" \/>\n<meta property=\"article:modified_time\" content=\"2026-02-13T14:38:13+00:00\" \/>\n<meta property=\"og:image\" content=\"https:\/\/airplus-al.com\/wp-content\/uploads\/2025\/06\/msz-ay-1.png\" \/>\n\t<meta property=\"og:image:width\" content=\"550\" \/>\n\t<meta property=\"og:image:height\" content=\"470\" \/>\n\t<meta property=\"og:image:type\" content=\"image\/png\" \/>\n<meta name=\"twitter:card\" content=\"summary_large_image\" \/>\n<meta name=\"twitter:label1\" content=\"Estimated reading time\" \/>\n\t<meta name=\"twitter:data1\" content=\"1 minute\" \/>\n<script type=\"application\/ld+json\" class=\"yoast-schema-graph\">{\"@context\":\"https:\\\/\\\/schema.org\",\"@graph\":[{\"@type\":\"WebPage\",\"@id\":\"https:\\\/\\\/airplus-al.com\\\/product\\\/msz-ay25\\\/\",\"url\":\"https:\\\/\\\/airplus-al.com\\\/product\\\/msz-ay25\\\/\",\"name\":\"MSZ-AY25 - Airplus\",\"isPartOf\":{\"@id\":\"https:\\\/\\\/airplus-al.com\\\/#website\"},\"primaryImageOfPage\":{\"@id\":\"https:\\\/\\\/airplus-al.com\\\/product\\\/msz-ay25\\\/#primaryimage\"},\"image\":{\"@id\":\"https:\\\/\\\/airplus-al.com\\\/product\\\/msz-ay25\\\/#primaryimage\"},\"thumbnailUrl\":\"https:\\\/\\\/airplus-al.com\\\/wp-content\\\/uploads\\\/2025\\\/06\\\/msz-ay-1.png\",\"datePublished\":\"2025-06-21T20:03:22+00:00\",\"dateModified\":\"2026-02-13T14:38:13+00:00\",\"description\":\"Kondicioner Mitsubishi Electric MSZ-AY25, 9 000 BTU, eficienc\u00eb energjitike A+++. Zgjidh komfortin, zgjidh Airplus Clima Systems | Lezh\u00eb\",\"breadcrumb\":{\"@id\":\"https:\\\/\\\/airplus-al.com\\\/product\\\/msz-ay25\\\/#breadcrumb\"},\"inLanguage\":\"en-GB\",\"potentialAction\":[{\"@type\":\"ReadAction\",\"target\":[\"https:\\\/\\\/airplus-al.com\\\/product\\\/msz-ay25\\\/\"]}]},{\"@type\":\"ImageObject\",\"inLanguage\":\"en-GB\",\"@id\":\"https:\\\/\\\/airplus-al.com\\\/product\\\/msz-ay25\\\/#primaryimage\",\"url\":\"https:\\\/\\\/airplus-al.com\\\/wp-content\\\/uploads\\\/2025\\\/06\\\/msz-ay-1.png\",\"contentUrl\":\"https:\\\/\\\/airplus-al.com\\\/wp-content\\\/uploads\\\/2025\\\/06\\\/msz-ay-1.png\",\"width\":550,\"height\":470,\"caption\":\"kondicioner mitsubishi electric lezhe shengjin velipoje msz-ay\"},{\"@type\":\"BreadcrumbList\",\"@id\":\"https:\\\/\\\/airplus-al.com\\\/product\\\/msz-ay25\\\/#breadcrumb\",\"itemListElement\":[{\"@type\":\"ListItem\",\"position\":1,\"name\":\"Home\",\"item\":\"https:\\\/\\\/airplus-al.com\\\/\"},{\"@type\":\"ListItem\",\"position\":2,\"name\":\"Dyqani\",\"item\":\"https:\\\/\\\/airplus-al.com\\\/dyqani\\\/\"},{\"@type\":\"ListItem\",\"position\":3,\"name\":\"MSZ-AY25\"}]},{\"@type\":\"WebSite\",\"@id\":\"https:\\\/\\\/airplus-al.com\\\/#website\",\"url\":\"https:\\\/\\\/airplus-al.com\\\/\",\"name\":\"Airplus\",\"description\":\"Klima ideale p\u00ebr \u00e7do stin\u00eb\",\"potentialAction\":[{\"@type\":\"SearchAction\",\"target\":{\"@type\":\"EntryPoint\",\"urlTemplate\":\"https:\\\/\\\/airplus-al.com\\\/?s={search_term_string}\"},\"query-input\":{\"@type\":\"PropertyValueSpecification\",\"valueRequired\":true,\"valueName\":\"search_term_string\"}}],\"inLanguage\":\"en-GB\"}]}<\/script>\n<!-- \/ Yoast SEO plugin. -->","yoast_head_json":{"title":"MSZ-AY25 - Airplus","description":"Kondicioner Mitsubishi Electric MSZ-AY25, 9 000 BTU, eficienc\u00eb energjitike A+++. Zgjidh komfortin, zgjidh Airplus Clima Systems | Lezh\u00eb","robots":{"index":"index","follow":"follow","max-snippet":"max-snippet:-1","max-image-preview":"max-image-preview:large","max-video-preview":"max-video-preview:-1"},"canonical":"https:\/\/airplus-al.com\/en\/product\/msz-ay25\/","og_locale":"en_GB","og_type":"article","og_title":"MSZ-AY25 - Airplus","og_description":"Kondicioner Mitsubishi Electric MSZ-AY25, 9 000 BTU, eficienc\u00eb energjitike A+++. Zgjidh komfortin, zgjidh Airplus Clima Systems | Lezh\u00eb","og_url":"https:\/\/airplus-al.com\/en\/product\/msz-ay25\/","og_site_name":"Airplus","article_modified_time":"2026-02-13T14:38:13+00:00","og_image":[{"width":550,"height":470,"url":"https:\/\/airplus-al.com\/wp-content\/uploads\/2025\/06\/msz-ay-1.png","type":"image\/png"}],"twitter_card":"summary_large_image","twitter_misc":{"Estimated reading time":"1 minute"},"schema":{"@context":"https:\/\/schema.org","@graph":[{"@type":"WebPage","@id":"https:\/\/airplus-al.com\/product\/msz-ay25\/","url":"https:\/\/airplus-al.com\/product\/msz-ay25\/","name":"MSZ-AY25 - Airplus","isPartOf":{"@id":"https:\/\/airplus-al.com\/#website"},"primaryImageOfPage":{"@id":"https:\/\/airplus-al.com\/product\/msz-ay25\/#primaryimage"},"image":{"@id":"https:\/\/airplus-al.com\/product\/msz-ay25\/#primaryimage"},"thumbnailUrl":"https:\/\/airplus-al.com\/wp-content\/uploads\/2025\/06\/msz-ay-1.png","datePublished":"2025-06-21T20:03:22+00:00","dateModified":"2026-02-13T14:38:13+00:00","description":"Kondicioner Mitsubishi Electric MSZ-AY25, 9 000 BTU, eficienc\u00eb energjitike A+++. Zgjidh komfortin, zgjidh Airplus Clima Systems | Lezh\u00eb","breadcrumb":{"@id":"https:\/\/airplus-al.com\/product\/msz-ay25\/#breadcrumb"},"inLanguage":"en-GB","potentialAction":[{"@type":"ReadAction","target":["https:\/\/airplus-al.com\/product\/msz-ay25\/"]}]},{"@type":"ImageObject","inLanguage":"en-GB","@id":"https:\/\/airplus-al.com\/product\/msz-ay25\/#primaryimage","url":"https:\/\/airplus-al.com\/wp-content\/uploads\/2025\/06\/msz-ay-1.png","contentUrl":"https:\/\/airplus-al.com\/wp-content\/uploads\/2025\/06\/msz-ay-1.png","width":550,"height":470,"caption":"kondicioner mitsubishi electric lezhe shengjin velipoje msz-ay"},{"@type":"BreadcrumbList","@id":"https:\/\/airplus-al.com\/product\/msz-ay25\/#breadcrumb","itemListElement":[{"@type":"ListItem","position":1,"name":"Home","item":"https:\/\/airplus-al.com\/"},{"@type":"ListItem","position":2,"name":"Dyqani","item":"https:\/\/airplus-al.com\/dyqani\/"},{"@type":"ListItem","position":3,"name":"MSZ-AY25"}]},{"@type":"WebSite","@id":"https:\/\/airplus-al.com\/#website","url":"https:\/\/airplus-al.com\/","name":"Airplus","description":"Ideal Choice for every season","potentialAction":[{"@type":"SearchAction","target":{"@type":"EntryPoint","urlTemplate":"https:\/\/airplus-al.com\/?s={search_term_string}"},"query-input":{"@type":"PropertyValueSpecification","valueRequired":true,"valueName":"search_term_string"}}],"inLanguage":"en-GB"}]}},"_links":{"self":[{"href":"https:\/\/airplus-al.com\/en\/wp-json\/wp\/v2\/product\/359","targetHints":{"allow":["GET"]}}],"collection":[{"href":"https:\/\/airplus-al.com\/en\/wp-json\/wp\/v2\/product"}],"about":[{"href":"https:\/\/airplus-al.com\/en\/wp-json\/wp\/v2\/types\/product"}],"replies":[{"embeddable":true,"href":"https:\/\/airplus-al.com\/en\/wp-json\/wp\/v2\/comments?post=359"}],"wp:featuredmedia":[{"embeddable":true,"href":"https:\/\/airplus-al.com\/en\/wp-json\/wp\/v2\/media\/1077"}],"wp:attachment":[{"href":"https:\/\/airplus-al.com\/en\/wp-json\/wp\/v2\/media?parent=359"}],"wp:term":[{"taxonomy":"product_brand","embeddable":true,"href":"https:\/\/airplus-al.com\/en\/wp-json\/wp\/v2\/product_brand?post=359"},{"taxonomy":"product_cat","embeddable":true,"href":"https:\/\/airplus-al.com\/en\/wp-json\/wp\/v2\/product_cat?post=359"},{"taxonomy":"product_tag","embeddable":true,"href":"https:\/\/airplus-al.com\/en\/wp-json\/wp\/v2\/product_tag?post=359"}],"curies":[{"name":"wp","href":"https:\/\/api.w.org\/{rel}","templated":true}]}}