{"id":358,"date":"2025-06-21T20:03:22","date_gmt":"2025-06-21T20:03:22","guid":{"rendered":"https:\/\/airplus-al.com\/product\/msz-hr71-2\/"},"modified":"2026-02-13T14:38:09","modified_gmt":"2026-02-13T14:38:09","slug":"msz-hr71vf","status":"publish","type":"product","link":"https:\/\/airplus-al.com\/en\/product\/msz-hr71vf\/","title":{"rendered":"MSZ-HR71VF"},"content":{"rendered":"<ul>\n<li>24 000 BTU<\/li>\n<li>Inverter<\/li>\n<li>Ftohje: A++<\/li>\n<li>Ngrohje: A+<\/li>\n<li>Ngrohje n\u00eb zona me klim\u00eb t\u00eb but\u00eb: A+++ (Referenc\u00eb: klima e Athin\u00ebs)<\/li>\n<li>WiFi: *Opsional<\/li>\n<li>Seria multisplit Inverter MXZ-HA \u2013 mb\u00ebshtet 2 deri n\u00eb 3 nj\u00ebsi t\u00eb brendshme<\/li>\n<li>Nj\u00ebsia e brendshme (HxWxD): 305-923-262 mm<\/li>\n<li>Nj\u00ebsia e jashtme (HxWxD): 714-800-285 mm<\/li>\n<\/ul>","protected":false},"excerpt":{"rendered":"<p>Seria klasike Mitsubishi Electric MSZ-HR sjell nj\u00eb kombinim t\u00eb shk\u00eblqyer mes kompakt\u00ebsis\u00eb, performanc\u00ebs s\u00eb lart\u00eb dhe efikasitetit energjetik.<br \/>\nE projektuar p\u00ebr t\u2019u integruar natyrsh\u00ebm n\u00eb \u00e7do ambient, kjo seri ofron nj\u00eb gam\u00eb t\u00eb plot\u00eb kapacitetesh nga 9 000 BTU deri n\u00eb 24 000 BTU, p\u00ebr t\u00eb p\u00ebrmbushur \u00e7do nevoj\u00eb t\u00eb hap\u00ebsir\u00ebs suaj.<br \/>\n&#8211; Wi-Fi: *opsional<br \/>\n&#8211; Mund\u00ebsi lidhjeje me sistem Multi Split, p\u00ebr m\u00eb shum\u00eb fleksibilitet n\u00eb p\u00ebrdorim.<\/p>","protected":false},"featured_media":1073,"comment_status":"closed","ping_status":"closed","template":"","meta":[],"product_brand":[70],"product_cat":[122],"product_tag":[59,58,39,38,43,40,42,41],"class_list":{"0":"post-358","1":"product","2":"type-product","3":"status-publish","4":"has-post-thumbnail","6":"product_brand-mitsubishi-electric","7":"product_cat-murale","8":"product_tag-24-000-btu","9":"product_tag-7-1-kw","10":"product_tag-a-3","11":"product_tag-a","12":"product_tag-e-bardhe","13":"product_tag-mitsubishi-electric","14":"product_tag-monosplit","15":"product_tag-mural","16":"pa_eficenca-energjitike-ftohje-ftohje-a","17":"pa_eficenca-energjitike-ngrohje-ngrohje-a1","18":"pa_kapaciteti-ne-kw-7-1kw","19":"pa_ngjyra-e-bardhe","21":"first","22":"instock","23":"taxable","24":"shipping-taxable","25":"product-type-simple"},"yoast_head":"<!-- This site is optimized with the Yoast SEO plugin v27.4 - https:\/\/yoast.com\/product\/yoast-seo-wordpress\/ -->\n<title>MSZ-HR71VF - Airplus<\/title>\n<meta name=\"description\" content=\"Kondicioner Mitsubishi Electric MSZ-HR71, 24 000 BTU, eficienc\u00eb energjitike A++. Zgjidh komfortin, zgjidh Airplus Clima Systems | Lezh\u00eb\" \/>\n<meta name=\"robots\" content=\"index, follow, max-snippet:-1, max-image-preview:large, max-video-preview:-1\" \/>\n<link rel=\"canonical\" href=\"https:\/\/airplus-al.com\/en\/product\/msz-hr71vf\/\" \/>\n<meta property=\"og:locale\" content=\"en_GB\" \/>\n<meta property=\"og:type\" content=\"article\" \/>\n<meta property=\"og:title\" content=\"MSZ-HR71VF - Airplus\" \/>\n<meta property=\"og:description\" content=\"Kondicioner Mitsubishi Electric MSZ-HR71, 24 000 BTU, eficienc\u00eb energjitike A++. Zgjidh komfortin, zgjidh Airplus Clima Systems | Lezh\u00eb\" \/>\n<meta property=\"og:url\" content=\"https:\/\/airplus-al.com\/en\/product\/msz-hr71vf\/\" \/>\n<meta property=\"og:site_name\" content=\"Airplus\" \/>\n<meta property=\"article:modified_time\" content=\"2026-02-13T14:38:09+00:00\" \/>\n<meta property=\"og:image\" content=\"https:\/\/airplus-al.com\/wp-content\/uploads\/2025\/06\/msz-hr-1-1.png\" \/>\n\t<meta property=\"og:image:width\" content=\"550\" \/>\n\t<meta property=\"og:image:height\" content=\"470\" \/>\n\t<meta property=\"og:image:type\" content=\"image\/png\" \/>\n<meta name=\"twitter:card\" content=\"summary_large_image\" \/>\n<meta name=\"twitter:label1\" content=\"Estimated reading time\" \/>\n\t<meta name=\"twitter:data1\" content=\"1 minute\" \/>\n<script type=\"application\/ld+json\" class=\"yoast-schema-graph\">{\"@context\":\"https:\\\/\\\/schema.org\",\"@graph\":[{\"@type\":\"WebPage\",\"@id\":\"https:\\\/\\\/airplus-al.com\\\/product\\\/msz-hr71vf\\\/\",\"url\":\"https:\\\/\\\/airplus-al.com\\\/product\\\/msz-hr71vf\\\/\",\"name\":\"MSZ-HR71VF - Airplus\",\"isPartOf\":{\"@id\":\"https:\\\/\\\/airplus-al.com\\\/#website\"},\"primaryImageOfPage\":{\"@id\":\"https:\\\/\\\/airplus-al.com\\\/product\\\/msz-hr71vf\\\/#primaryimage\"},\"image\":{\"@id\":\"https:\\\/\\\/airplus-al.com\\\/product\\\/msz-hr71vf\\\/#primaryimage\"},\"thumbnailUrl\":\"https:\\\/\\\/airplus-al.com\\\/wp-content\\\/uploads\\\/2025\\\/06\\\/msz-hr-1-1.png\",\"datePublished\":\"2025-06-21T20:03:22+00:00\",\"dateModified\":\"2026-02-13T14:38:09+00:00\",\"description\":\"Kondicioner Mitsubishi Electric MSZ-HR71, 24 000 BTU, eficienc\u00eb energjitike A++. Zgjidh komfortin, zgjidh Airplus Clima Systems | Lezh\u00eb\",\"breadcrumb\":{\"@id\":\"https:\\\/\\\/airplus-al.com\\\/product\\\/msz-hr71vf\\\/#breadcrumb\"},\"inLanguage\":\"en-GB\",\"potentialAction\":[{\"@type\":\"ReadAction\",\"target\":[\"https:\\\/\\\/airplus-al.com\\\/product\\\/msz-hr71vf\\\/\"]}]},{\"@type\":\"ImageObject\",\"inLanguage\":\"en-GB\",\"@id\":\"https:\\\/\\\/airplus-al.com\\\/product\\\/msz-hr71vf\\\/#primaryimage\",\"url\":\"https:\\\/\\\/airplus-al.com\\\/wp-content\\\/uploads\\\/2025\\\/06\\\/msz-hr-1-1.png\",\"contentUrl\":\"https:\\\/\\\/airplus-al.com\\\/wp-content\\\/uploads\\\/2025\\\/06\\\/msz-hr-1-1.png\",\"width\":550,\"height\":470,\"caption\":\"kondicioner mitsubishi electric lezhe shengjin velipoje msz-hr\"},{\"@type\":\"BreadcrumbList\",\"@id\":\"https:\\\/\\\/airplus-al.com\\\/product\\\/msz-hr71vf\\\/#breadcrumb\",\"itemListElement\":[{\"@type\":\"ListItem\",\"position\":1,\"name\":\"Home\",\"item\":\"https:\\\/\\\/airplus-al.com\\\/\"},{\"@type\":\"ListItem\",\"position\":2,\"name\":\"Dyqani\",\"item\":\"https:\\\/\\\/airplus-al.com\\\/dyqani\\\/\"},{\"@type\":\"ListItem\",\"position\":3,\"name\":\"MSZ-HR71VF\"}]},{\"@type\":\"WebSite\",\"@id\":\"https:\\\/\\\/airplus-al.com\\\/#website\",\"url\":\"https:\\\/\\\/airplus-al.com\\\/\",\"name\":\"Airplus\",\"description\":\"Klima ideale p\u00ebr \u00e7do stin\u00eb\",\"potentialAction\":[{\"@type\":\"SearchAction\",\"target\":{\"@type\":\"EntryPoint\",\"urlTemplate\":\"https:\\\/\\\/airplus-al.com\\\/?s={search_term_string}\"},\"query-input\":{\"@type\":\"PropertyValueSpecification\",\"valueRequired\":true,\"valueName\":\"search_term_string\"}}],\"inLanguage\":\"en-GB\"}]}<\/script>\n<!-- \/ Yoast SEO plugin. -->","yoast_head_json":{"title":"MSZ-HR71VF - Airplus","description":"Kondicioner Mitsubishi Electric MSZ-HR71, 24 000 BTU, eficienc\u00eb energjitike A++. Zgjidh komfortin, zgjidh Airplus Clima Systems | Lezh\u00eb","robots":{"index":"index","follow":"follow","max-snippet":"max-snippet:-1","max-image-preview":"max-image-preview:large","max-video-preview":"max-video-preview:-1"},"canonical":"https:\/\/airplus-al.com\/en\/product\/msz-hr71vf\/","og_locale":"en_GB","og_type":"article","og_title":"MSZ-HR71VF - Airplus","og_description":"Kondicioner Mitsubishi Electric MSZ-HR71, 24 000 BTU, eficienc\u00eb energjitike A++. Zgjidh komfortin, zgjidh Airplus Clima Systems | Lezh\u00eb","og_url":"https:\/\/airplus-al.com\/en\/product\/msz-hr71vf\/","og_site_name":"Airplus","article_modified_time":"2026-02-13T14:38:09+00:00","og_image":[{"width":550,"height":470,"url":"https:\/\/airplus-al.com\/wp-content\/uploads\/2025\/06\/msz-hr-1-1.png","type":"image\/png"}],"twitter_card":"summary_large_image","twitter_misc":{"Estimated reading time":"1 minute"},"schema":{"@context":"https:\/\/schema.org","@graph":[{"@type":"WebPage","@id":"https:\/\/airplus-al.com\/product\/msz-hr71vf\/","url":"https:\/\/airplus-al.com\/product\/msz-hr71vf\/","name":"MSZ-HR71VF - Airplus","isPartOf":{"@id":"https:\/\/airplus-al.com\/#website"},"primaryImageOfPage":{"@id":"https:\/\/airplus-al.com\/product\/msz-hr71vf\/#primaryimage"},"image":{"@id":"https:\/\/airplus-al.com\/product\/msz-hr71vf\/#primaryimage"},"thumbnailUrl":"https:\/\/airplus-al.com\/wp-content\/uploads\/2025\/06\/msz-hr-1-1.png","datePublished":"2025-06-21T20:03:22+00:00","dateModified":"2026-02-13T14:38:09+00:00","description":"Kondicioner Mitsubishi Electric MSZ-HR71, 24 000 BTU, eficienc\u00eb energjitike A++. Zgjidh komfortin, zgjidh Airplus Clima Systems | Lezh\u00eb","breadcrumb":{"@id":"https:\/\/airplus-al.com\/product\/msz-hr71vf\/#breadcrumb"},"inLanguage":"en-GB","potentialAction":[{"@type":"ReadAction","target":["https:\/\/airplus-al.com\/product\/msz-hr71vf\/"]}]},{"@type":"ImageObject","inLanguage":"en-GB","@id":"https:\/\/airplus-al.com\/product\/msz-hr71vf\/#primaryimage","url":"https:\/\/airplus-al.com\/wp-content\/uploads\/2025\/06\/msz-hr-1-1.png","contentUrl":"https:\/\/airplus-al.com\/wp-content\/uploads\/2025\/06\/msz-hr-1-1.png","width":550,"height":470,"caption":"kondicioner mitsubishi electric lezhe shengjin velipoje msz-hr"},{"@type":"BreadcrumbList","@id":"https:\/\/airplus-al.com\/product\/msz-hr71vf\/#breadcrumb","itemListElement":[{"@type":"ListItem","position":1,"name":"Home","item":"https:\/\/airplus-al.com\/"},{"@type":"ListItem","position":2,"name":"Dyqani","item":"https:\/\/airplus-al.com\/dyqani\/"},{"@type":"ListItem","position":3,"name":"MSZ-HR71VF"}]},{"@type":"WebSite","@id":"https:\/\/airplus-al.com\/#website","url":"https:\/\/airplus-al.com\/","name":"Airplus","description":"Ideal Choice for every season","potentialAction":[{"@type":"SearchAction","target":{"@type":"EntryPoint","urlTemplate":"https:\/\/airplus-al.com\/?s={search_term_string}"},"query-input":{"@type":"PropertyValueSpecification","valueRequired":true,"valueName":"search_term_string"}}],"inLanguage":"en-GB"}]}},"_links":{"self":[{"href":"https:\/\/airplus-al.com\/en\/wp-json\/wp\/v2\/product\/358","targetHints":{"allow":["GET"]}}],"collection":[{"href":"https:\/\/airplus-al.com\/en\/wp-json\/wp\/v2\/product"}],"about":[{"href":"https:\/\/airplus-al.com\/en\/wp-json\/wp\/v2\/types\/product"}],"replies":[{"embeddable":true,"href":"https:\/\/airplus-al.com\/en\/wp-json\/wp\/v2\/comments?post=358"}],"wp:featuredmedia":[{"embeddable":true,"href":"https:\/\/airplus-al.com\/en\/wp-json\/wp\/v2\/media\/1073"}],"wp:attachment":[{"href":"https:\/\/airplus-al.com\/en\/wp-json\/wp\/v2\/media?parent=358"}],"wp:term":[{"taxonomy":"product_brand","embeddable":true,"href":"https:\/\/airplus-al.com\/en\/wp-json\/wp\/v2\/product_brand?post=358"},{"taxonomy":"product_cat","embeddable":true,"href":"https:\/\/airplus-al.com\/en\/wp-json\/wp\/v2\/product_cat?post=358"},{"taxonomy":"product_tag","embeddable":true,"href":"https:\/\/airplus-al.com\/en\/wp-json\/wp\/v2\/product_tag?post=358"}],"curies":[{"name":"wp","href":"https:\/\/api.w.org\/{rel}","templated":true}]}}