{"id":348,"date":"2025-06-21T20:03:20","date_gmt":"2025-06-21T20:03:20","guid":{"rendered":"https:\/\/airplus-al.com\/product\/msz-dw50\/"},"modified":"2026-02-13T14:38:56","modified_gmt":"2026-02-13T14:38:56","slug":"msz-dw50","status":"publish","type":"product","link":"https:\/\/airplus-al.com\/en\/product\/msz-dw50\/","title":{"rendered":"MSZ-DW50"},"content":{"rendered":"<ul>\n<li>18 000 BTU<\/li>\n<li>Inverter<\/li>\n<li>Ftohje: A++<\/li>\n<li>Ngrohje: A+<\/li>\n<li>Ngrohje n\u00eb zona me klim\u00eb t\u00eb but\u00eb: A+++ (Referenc\u00eb: klima e Athin\u00ebs)<\/li>\n<li>WiFi: *opsional<\/li>\n<li>Seria multisplit Inverter MXZ-HA \u2013 mb\u00ebshtet 2 deri n\u00eb 3 nj\u00ebsi t\u00eb brendshme<\/li>\n<li>Nj\u00ebsia e brendshme (HxWxD): 290-799-232 mm<\/li>\n<li>Nj\u00ebsia e jashtme (HxWxD): 550-800-285 mm<\/li>\n<\/ul>","protected":false},"excerpt":{"rendered":"<p>E bardh\u00eb dhe elegante, Mitsubishi Electric MSZ-DW sjell stil dhe efikasitet n\u00eb \u00e7do dhom\u00eb. Me gaz ekologjik R32, Wi-Fi opsional dhe funksionim ultra t\u00eb qet\u00eb, ky kondicioner MSZ-DW \u00ebsht\u00eb zgjedhja ideale p\u00ebr nj\u00eb ambient t\u00eb fresk\u00ebt dhe t\u00eb rehatsh\u00ebm gjat\u00eb gjith\u00eb ver\u00ebs!<\/p>","protected":false},"featured_media":1073,"comment_status":"closed","ping_status":"closed","template":"","meta":[],"product_brand":[70],"product_cat":[122],"product_tag":[51,50,39,38,43,40,42,41],"class_list":{"0":"post-348","1":"product","2":"type-product","3":"status-publish","4":"has-post-thumbnail","6":"product_brand-mitsubishi-electric","7":"product_cat-murale","8":"product_tag-18-000-btu","9":"product_tag-5-0-kw","10":"product_tag-a-3","11":"product_tag-a","12":"product_tag-e-bardhe","13":"product_tag-mitsubishi-electric","14":"product_tag-monosplit","15":"product_tag-mural","16":"pa_eficenca-energjitike-ftohje-ftohje-a","17":"pa_eficenca-energjitike-ngrohje-ngrohje-a1","18":"pa_kapaciteti-ne-kw-5-0-kw","19":"pa_ngjyra-e-bardhe","21":"first","22":"instock","23":"taxable","24":"shipping-taxable","25":"product-type-simple"},"yoast_head":"<!-- This site is optimized with the Yoast SEO plugin v27.4 - https:\/\/yoast.com\/product\/yoast-seo-wordpress\/ -->\n<title>MSZ-DW50 - Airplus<\/title>\n<meta name=\"description\" content=\"Kondicioner Mitsubishi Electric MSZ-DW50, 18 000 BTU, eficienc\u00eb energjitike A++, Wifi. Zgjidh komfortin, zgjidh Airplus Clima Systems | Lezh\u00eb\" \/>\n<meta name=\"robots\" content=\"index, follow, max-snippet:-1, max-image-preview:large, max-video-preview:-1\" \/>\n<link rel=\"canonical\" href=\"https:\/\/airplus-al.com\/en\/product\/msz-dw50\/\" \/>\n<meta property=\"og:locale\" content=\"en_GB\" \/>\n<meta property=\"og:type\" content=\"article\" \/>\n<meta property=\"og:title\" content=\"MSZ-DW50 - Airplus\" \/>\n<meta property=\"og:description\" content=\"Kondicioner Mitsubishi Electric MSZ-DW50, 18 000 BTU, eficienc\u00eb energjitike A++, Wifi. Zgjidh komfortin, zgjidh Airplus Clima Systems | Lezh\u00eb\" \/>\n<meta property=\"og:url\" content=\"https:\/\/airplus-al.com\/en\/product\/msz-dw50\/\" \/>\n<meta property=\"og:site_name\" content=\"Airplus\" \/>\n<meta property=\"article:modified_time\" content=\"2026-02-13T14:38:56+00:00\" \/>\n<meta property=\"og:image\" content=\"https:\/\/airplus-al.com\/wp-content\/uploads\/2025\/06\/msz-hr-1-1.png\" \/>\n\t<meta property=\"og:image:width\" content=\"550\" \/>\n\t<meta property=\"og:image:height\" content=\"470\" \/>\n\t<meta property=\"og:image:type\" content=\"image\/png\" \/>\n<meta name=\"twitter:card\" content=\"summary_large_image\" \/>\n<meta name=\"twitter:label1\" content=\"Estimated reading time\" \/>\n\t<meta name=\"twitter:data1\" content=\"1 minute\" \/>\n<script type=\"application\/ld+json\" class=\"yoast-schema-graph\">{\"@context\":\"https:\\\/\\\/schema.org\",\"@graph\":[{\"@type\":\"WebPage\",\"@id\":\"https:\\\/\\\/airplus-al.com\\\/product\\\/msz-dw50\\\/\",\"url\":\"https:\\\/\\\/airplus-al.com\\\/product\\\/msz-dw50\\\/\",\"name\":\"MSZ-DW50 - Airplus\",\"isPartOf\":{\"@id\":\"https:\\\/\\\/airplus-al.com\\\/#website\"},\"primaryImageOfPage\":{\"@id\":\"https:\\\/\\\/airplus-al.com\\\/product\\\/msz-dw50\\\/#primaryimage\"},\"image\":{\"@id\":\"https:\\\/\\\/airplus-al.com\\\/product\\\/msz-dw50\\\/#primaryimage\"},\"thumbnailUrl\":\"https:\\\/\\\/airplus-al.com\\\/wp-content\\\/uploads\\\/2025\\\/06\\\/msz-hr-1-1.png\",\"datePublished\":\"2025-06-21T20:03:20+00:00\",\"dateModified\":\"2026-02-13T14:38:56+00:00\",\"description\":\"Kondicioner Mitsubishi Electric MSZ-DW50, 18 000 BTU, eficienc\u00eb energjitike A++, Wifi. Zgjidh komfortin, zgjidh Airplus Clima Systems | Lezh\u00eb\",\"breadcrumb\":{\"@id\":\"https:\\\/\\\/airplus-al.com\\\/product\\\/msz-dw50\\\/#breadcrumb\"},\"inLanguage\":\"en-GB\",\"potentialAction\":[{\"@type\":\"ReadAction\",\"target\":[\"https:\\\/\\\/airplus-al.com\\\/product\\\/msz-dw50\\\/\"]}]},{\"@type\":\"ImageObject\",\"inLanguage\":\"en-GB\",\"@id\":\"https:\\\/\\\/airplus-al.com\\\/product\\\/msz-dw50\\\/#primaryimage\",\"url\":\"https:\\\/\\\/airplus-al.com\\\/wp-content\\\/uploads\\\/2025\\\/06\\\/msz-hr-1-1.png\",\"contentUrl\":\"https:\\\/\\\/airplus-al.com\\\/wp-content\\\/uploads\\\/2025\\\/06\\\/msz-hr-1-1.png\",\"width\":550,\"height\":470,\"caption\":\"kondicioner mitsubishi electric lezhe shengjin velipoje msz-hr\"},{\"@type\":\"BreadcrumbList\",\"@id\":\"https:\\\/\\\/airplus-al.com\\\/product\\\/msz-dw50\\\/#breadcrumb\",\"itemListElement\":[{\"@type\":\"ListItem\",\"position\":1,\"name\":\"Home\",\"item\":\"https:\\\/\\\/airplus-al.com\\\/\"},{\"@type\":\"ListItem\",\"position\":2,\"name\":\"Dyqani\",\"item\":\"https:\\\/\\\/airplus-al.com\\\/dyqani\\\/\"},{\"@type\":\"ListItem\",\"position\":3,\"name\":\"MSZ-DW50\"}]},{\"@type\":\"WebSite\",\"@id\":\"https:\\\/\\\/airplus-al.com\\\/#website\",\"url\":\"https:\\\/\\\/airplus-al.com\\\/\",\"name\":\"Airplus\",\"description\":\"Klima ideale p\u00ebr \u00e7do stin\u00eb\",\"potentialAction\":[{\"@type\":\"SearchAction\",\"target\":{\"@type\":\"EntryPoint\",\"urlTemplate\":\"https:\\\/\\\/airplus-al.com\\\/?s={search_term_string}\"},\"query-input\":{\"@type\":\"PropertyValueSpecification\",\"valueRequired\":true,\"valueName\":\"search_term_string\"}}],\"inLanguage\":\"en-GB\"}]}<\/script>\n<!-- \/ Yoast SEO plugin. -->","yoast_head_json":{"title":"MSZ-DW50 - Airplus","description":"Kondicioner Mitsubishi Electric MSZ-DW50, 18 000 BTU, eficienc\u00eb energjitike A++, Wifi. Zgjidh komfortin, zgjidh Airplus Clima Systems | Lezh\u00eb","robots":{"index":"index","follow":"follow","max-snippet":"max-snippet:-1","max-image-preview":"max-image-preview:large","max-video-preview":"max-video-preview:-1"},"canonical":"https:\/\/airplus-al.com\/en\/product\/msz-dw50\/","og_locale":"en_GB","og_type":"article","og_title":"MSZ-DW50 - Airplus","og_description":"Kondicioner Mitsubishi Electric MSZ-DW50, 18 000 BTU, eficienc\u00eb energjitike A++, Wifi. Zgjidh komfortin, zgjidh Airplus Clima Systems | Lezh\u00eb","og_url":"https:\/\/airplus-al.com\/en\/product\/msz-dw50\/","og_site_name":"Airplus","article_modified_time":"2026-02-13T14:38:56+00:00","og_image":[{"width":550,"height":470,"url":"https:\/\/airplus-al.com\/wp-content\/uploads\/2025\/06\/msz-hr-1-1.png","type":"image\/png"}],"twitter_card":"summary_large_image","twitter_misc":{"Estimated reading time":"1 minute"},"schema":{"@context":"https:\/\/schema.org","@graph":[{"@type":"WebPage","@id":"https:\/\/airplus-al.com\/product\/msz-dw50\/","url":"https:\/\/airplus-al.com\/product\/msz-dw50\/","name":"MSZ-DW50 - Airplus","isPartOf":{"@id":"https:\/\/airplus-al.com\/#website"},"primaryImageOfPage":{"@id":"https:\/\/airplus-al.com\/product\/msz-dw50\/#primaryimage"},"image":{"@id":"https:\/\/airplus-al.com\/product\/msz-dw50\/#primaryimage"},"thumbnailUrl":"https:\/\/airplus-al.com\/wp-content\/uploads\/2025\/06\/msz-hr-1-1.png","datePublished":"2025-06-21T20:03:20+00:00","dateModified":"2026-02-13T14:38:56+00:00","description":"Kondicioner Mitsubishi Electric MSZ-DW50, 18 000 BTU, eficienc\u00eb energjitike A++, Wifi. Zgjidh komfortin, zgjidh Airplus Clima Systems | Lezh\u00eb","breadcrumb":{"@id":"https:\/\/airplus-al.com\/product\/msz-dw50\/#breadcrumb"},"inLanguage":"en-GB","potentialAction":[{"@type":"ReadAction","target":["https:\/\/airplus-al.com\/product\/msz-dw50\/"]}]},{"@type":"ImageObject","inLanguage":"en-GB","@id":"https:\/\/airplus-al.com\/product\/msz-dw50\/#primaryimage","url":"https:\/\/airplus-al.com\/wp-content\/uploads\/2025\/06\/msz-hr-1-1.png","contentUrl":"https:\/\/airplus-al.com\/wp-content\/uploads\/2025\/06\/msz-hr-1-1.png","width":550,"height":470,"caption":"kondicioner mitsubishi electric lezhe shengjin velipoje msz-hr"},{"@type":"BreadcrumbList","@id":"https:\/\/airplus-al.com\/product\/msz-dw50\/#breadcrumb","itemListElement":[{"@type":"ListItem","position":1,"name":"Home","item":"https:\/\/airplus-al.com\/"},{"@type":"ListItem","position":2,"name":"Dyqani","item":"https:\/\/airplus-al.com\/dyqani\/"},{"@type":"ListItem","position":3,"name":"MSZ-DW50"}]},{"@type":"WebSite","@id":"https:\/\/airplus-al.com\/#website","url":"https:\/\/airplus-al.com\/","name":"Airplus","description":"Ideal Choice for every season","potentialAction":[{"@type":"SearchAction","target":{"@type":"EntryPoint","urlTemplate":"https:\/\/airplus-al.com\/?s={search_term_string}"},"query-input":{"@type":"PropertyValueSpecification","valueRequired":true,"valueName":"search_term_string"}}],"inLanguage":"en-GB"}]}},"_links":{"self":[{"href":"https:\/\/airplus-al.com\/en\/wp-json\/wp\/v2\/product\/348","targetHints":{"allow":["GET"]}}],"collection":[{"href":"https:\/\/airplus-al.com\/en\/wp-json\/wp\/v2\/product"}],"about":[{"href":"https:\/\/airplus-al.com\/en\/wp-json\/wp\/v2\/types\/product"}],"replies":[{"embeddable":true,"href":"https:\/\/airplus-al.com\/en\/wp-json\/wp\/v2\/comments?post=348"}],"wp:featuredmedia":[{"embeddable":true,"href":"https:\/\/airplus-al.com\/en\/wp-json\/wp\/v2\/media\/1073"}],"wp:attachment":[{"href":"https:\/\/airplus-al.com\/en\/wp-json\/wp\/v2\/media?parent=348"}],"wp:term":[{"taxonomy":"product_brand","embeddable":true,"href":"https:\/\/airplus-al.com\/en\/wp-json\/wp\/v2\/product_brand?post=348"},{"taxonomy":"product_cat","embeddable":true,"href":"https:\/\/airplus-al.com\/en\/wp-json\/wp\/v2\/product_cat?post=348"},{"taxonomy":"product_tag","embeddable":true,"href":"https:\/\/airplus-al.com\/en\/wp-json\/wp\/v2\/product_tag?post=348"}],"curies":[{"name":"wp","href":"https:\/\/api.w.org\/{rel}","templated":true}]}}