{"id":588,"date":"2025-06-22T12:49:48","date_gmt":"2025-06-22T12:49:48","guid":{"rendered":"https:\/\/airplus-al.com\/?page_id=588"},"modified":"2025-12-15T18:43:49","modified_gmt":"2025-12-15T18:43:49","slug":"projektet","status":"publish","type":"page","link":"https:\/\/airplus-al.com\/en\/projektet\/","title":{"rendered":"Projects"},"content":{"rendered":"\t\t<div data-elementor-type=\"wp-page\" data-elementor-id=\"588\" class=\"elementor elementor-588\" data-elementor-post-type=\"page\">\n\t\t\t\t\t\t<section class=\"elementor-section elementor-top-section elementor-element elementor-element-cce5da5 elementor-section-boxed elementor-section-height-default elementor-section-height-default\" data-id=\"cce5da5\" data-element_type=\"section\" data-e-type=\"section\" data-settings=\"{&quot;background_background&quot;:&quot;classic&quot;}\">\n\t\t\t\t\t\t\t<div class=\"elementor-background-overlay\"><\/div>\n\t\t\t\t\t\t\t<div class=\"elementor-container elementor-column-gap-default\">\n\t\t\t\t\t<div class=\"elementor-column elementor-col-100 elementor-top-column elementor-element elementor-element-2d76eda\" data-id=\"2d76eda\" data-element_type=\"column\" data-e-type=\"column\">\n\t\t\t<div class=\"elementor-widget-wrap elementor-element-populated\">\n\t\t\t\t\t\t<div class=\"elementor-element elementor-element-d2966c6 elementor-invisible elementor-widget elementor-widget-heading\" data-id=\"d2966c6\" data-element_type=\"widget\" data-e-type=\"widget\" data-settings=\"{&quot;_animation&quot;:&quot;fadeInUp&quot;}\" data-widget_type=\"heading.default\">\n\t\t\t\t<div class=\"elementor-widget-container\">\n\t\t\t\t\t<h1 class=\"elementor-heading-title elementor-size-default\">Projektet<\/h1>\t\t\t\t<\/div>\n\t\t\t\t<\/div>\n\t\t\t\t<div class=\"elementor-element elementor-element-f569ca1 elementor-invisible elementor-widget elementor-widget-heading\" data-id=\"f569ca1\" data-element_type=\"widget\" data-e-type=\"widget\" data-settings=\"{&quot;_animation&quot;:&quot;fadeInUp&quot;,&quot;_animation_delay&quot;:200}\" data-widget_type=\"heading.default\">\n\t\t\t\t<div class=\"elementor-widget-container\">\n\t\t\t\t\t<h4 class=\"elementor-heading-title elementor-size-default\">Nj\u00eb Prezantim i projekteve tona<\/h4>\t\t\t\t<\/div>\n\t\t\t\t<\/div>\n\t\t\t\t\t<\/div>\n\t\t<\/div>\n\t\t\t\t\t<\/div>\n\t\t<\/section>\n\t\t<div class=\"elementor-element elementor-element-25a4376 e-flex e-con-boxed e-con e-parent\" data-id=\"25a4376\" data-element_type=\"container\" data-e-type=\"container\">\n\t\t\t\t\t<div class=\"e-con-inner\">\n\t\t\t\t<div class=\"elementor-element elementor-element-979febf elementor-widget elementor-widget-elementskit-blog-posts\" data-id=\"979febf\" data-element_type=\"widget\" data-e-type=\"widget\" data-widget_type=\"elementskit-blog-posts.default\">\n\t\t\t\t<div class=\"elementor-widget-container\">\n\t\t\t\t\t<div class=\"ekit-wid-con\" >        <div id=\"post-items--979febf\" class=\"row post-items\">\n                    <div class=\"col-lg-4 col-md-6\">\n\n                                    <div class=\"elementskit-post-image-card\">\n                        <div class=\"elementskit-entry-header\">\n                            \n                            \n\t\t\t\t\t\t\t\t\t\t\t\t\t<\/div><!-- .elementskit-entry-header END -->\n\n\t\t\t\t\t\t<div class=\"elementskit-post-body \">\n\t\t\t\t\t\t\t\n\t\t\t\t\t\t\t\t\t\t\t\t\t\t\t\t\t\t\t\t\t\t\t\t\t\t\t\t<div class=\"post-meta-list\">\n\t\t\t\t\t\t\t\t\t\t\t\t\t\t\t\t\t\t\t\t\t\t\t\t\t\t\t\t\t\t\t\t<span class=\"meta-date\">\n\t\t\t\t\t\t\t\t\t\t<i aria-hidden=\"true\" class=\"icon icon-calendar3\"><\/i>\t\t\t\t\t\t\t\t\t\t<span class=\"meta-date-text\">\n\t\t\t\t\t\t\t\t\t\t\t22 June, 2025\t\t\t\t\t\t\t\t\t\t<\/span>\n\t\t\t\t\t\t\t\t\t<\/span>\n\t\t\t\t\t\t\t\t\t\t\t\t\t\t\t\t\t\t\t\t\t\t\t\t\t\t\t\t\t\t\t\t\t\t\t\t\t<\/div>\n\t\t\t\t\t\t\t\t\t\t\t\t\t\n\t\t\t\t\t\t\t\t\n\t\t\t\t\t\t\t\t\t\t\t\t\t\t\t\t\t\t\t\t\t<h2 class=\"entry-title\">\n\t\t\t\t\t<a href=\"https:\/\/airplus-al.com\/en\/restorant-ylli\/\">\n\t\t\t\t\t\tRestorant Ylli\t\t\t\t\t<\/a>\n\t\t\t\t<\/h2>\n\t\t\t\t\t\t\t\t\t\t\t\t\t\t\t\t\t\t\t\t\t\t\t\t\t\t\t\t\t\t\t\t\t\t\t\t\t\t\t\t\t\t<p>Restorant Ylli N\u00eb ambientet e bar-restorant Yllit, jan\u00eb instaluar nj\u00ebsit\u00eb kaset\u00eb PLFY, t\u00eb cilat ofrojn\u00eb shp\u00ebrndarje t\u00eb balancuar t\u00eb ajrit n\u00eb kat\u00ebr drejtime dhe garantojn\u00eb efikasitet t\u00eb lart\u00eb n\u00eb ftohje dhe ngrohje.\u00a0 Nga ana tjet\u00ebr, nj\u00ebsit\u00eb e jashtme PUHY-P ofrojn\u00eb efikasitet t\u00eb lart\u00eb energjetik dhe jan\u00eb t\u00eb pajisura me teknologji&hellip;<\/p>\n\t\t\t\t\t\t\t\t\t\t\t\t\t\t\t\t\t\t\t\t\t\t                                                            <div class=\"btn-wraper\">\n                                    \n                                                                            <a class=\"elementskit-btn whitespace--normal\" id=\"\" href=\"https:\/\/airplus-al.com\/en\/restorant-ylli\/\">\n                                        \t                                            Lexo m\u00eb shum\u00eb                                        <\/a>\n                                                                    <\/div>\n                                                    <\/div><!-- .elementskit-post-body END -->\n                    <\/div>\n                \n            <\/div>\n                    <div class=\"col-lg-4 col-md-6\">\n\n                                    <div class=\"elementskit-post-image-card\">\n                        <div class=\"elementskit-entry-header\">\n                            \n                            \n\t\t\t\t\t\t\t\t\t\t\t\t\t<\/div><!-- .elementskit-entry-header END -->\n\n\t\t\t\t\t\t<div class=\"elementskit-post-body \">\n\t\t\t\t\t\t\t\n\t\t\t\t\t\t\t\t\t\t\t\t\t\t\t\t\t\t\t\t\t\t\t\t\t\t\t\t<div class=\"post-meta-list\">\n\t\t\t\t\t\t\t\t\t\t\t\t\t\t\t\t\t\t\t\t\t\t\t\t\t\t\t\t\t\t\t\t<span class=\"meta-date\">\n\t\t\t\t\t\t\t\t\t\t<i aria-hidden=\"true\" class=\"icon icon-calendar3\"><\/i>\t\t\t\t\t\t\t\t\t\t<span class=\"meta-date-text\">\n\t\t\t\t\t\t\t\t\t\t\t22 June, 2025\t\t\t\t\t\t\t\t\t\t<\/span>\n\t\t\t\t\t\t\t\t\t<\/span>\n\t\t\t\t\t\t\t\t\t\t\t\t\t\t\t\t\t\t\t\t\t\t\t\t\t\t\t\t\t\t\t\t\t\t\t\t\t<\/div>\n\t\t\t\t\t\t\t\t\t\t\t\t\t\n\t\t\t\t\t\t\t\t\n\t\t\t\t\t\t\t\t\t\t\t\t\t\t\t\t\t\t\t\t\t<h2 class=\"entry-title\">\n\t\t\t\t\t<a href=\"https:\/\/airplus-al.com\/en\/hotel-ylli\/\">\n\t\t\t\t\t\tHotel Ylli\t\t\t\t\t<\/a>\n\t\t\t\t<\/h2>\n\t\t\t\t\t\t\t\t\t\t\t\t\t\t\t\t\t\t\t\t\t\t\t\t\t\t\t\t\t\t\t\t\t\t\t\t\t\t\t\t\t\t<p>Sistemi VRF nga Mitsubishi Electric \u00ebsht\u00eb nd\u00ebrtuar tek Hotel Ylli n\u00eb qytetin e Lezh\u00ebs.P\u00ebr realizimin e k\u00ebtij projekti, investitor\u00ebt iu drejtuan kompanis\u00eb fon\u00eb AIR-PLUS.Pas nj\u00eb analize t\u00eb detajuar t\u00eb projektit nga ana e inxhinier\u00ebve t\u00eb UNI-KLIMA-s, u vendos q\u00eb zgjidhja m\u00eb efikase do t\u00eb ishte p\u00ebrdorimi i sistemit CITY MULTI&hellip;<\/p>\n\t\t\t\t\t\t\t\t\t\t\t\t\t\t\t\t\t\t\t\t\t\t                                                            <div class=\"btn-wraper\">\n                                    \n                                                                            <a class=\"elementskit-btn whitespace--normal\" id=\"\" href=\"https:\/\/airplus-al.com\/en\/hotel-ylli\/\">\n                                        \t                                            Lexo m\u00eb shum\u00eb                                        <\/a>\n                                                                    <\/div>\n                                                    <\/div><!-- .elementskit-post-body END -->\n                    <\/div>\n                \n            <\/div>\n                <\/div>\n       <\/div>\t\t\t\t<\/div>\n\t\t\t\t<\/div>\n\t\t\t\t\t<\/div>\n\t\t\t\t<\/div>\n\t\t<div class=\"elementor-element elementor-element-9052ea3 e-flex e-con-boxed e-con e-parent\" data-id=\"9052ea3\" data-element_type=\"container\" data-e-type=\"container\">\n\t\t\t\t\t<div class=\"e-con-inner\">\n\t\t\t\t<div class=\"elementor-element elementor-element-6b0e601 elementor-widget elementor-widget-elementskit-back-to-top\" data-id=\"6b0e601\" data-element_type=\"widget\" data-e-type=\"widget\" data-settings=\"{&quot;sticky&quot;:&quot;bottom&quot;,&quot;sticky_offset&quot;:16,&quot;sticky_offset_tablet&quot;:15,&quot;sticky_anchor_link_offset&quot;:4,&quot;sticky_on&quot;:[&quot;desktop&quot;,&quot;tablet&quot;,&quot;mobile&quot;],&quot;sticky_effects_offset&quot;:0}\" data-widget_type=\"elementskit-back-to-top.default\">\n\t\t\t\t<div class=\"elementor-widget-container\">\n\t\t\t\t\t<div class=\"ekit-wid-con\" >\t\t\t<div class=\"ekit-back-to-top-container ekit-btt icon_only\" data-settings=\"{&quot;offset_top&quot;:0,&quot;show_after&quot;:null,&quot;show_scroll&quot;:&quot;&quot;,&quot;style&quot;:&quot;icon_only&quot;,&quot;foreground&quot;:null,&quot;background&quot;:null}\"> \n\t\t\t\t<span class=\"ekit-btt__button \">\n\t\t\t\t\t<svg aria-hidden=\"true\" class=\"e-font-icon-svg e-fas-arrow-up\" viewBox=\"0 0 448 512\" xmlns=\"http:\/\/www.w3.org\/2000\/svg\"><path d=\"M34.9 289.5l-22.2-22.2c-9.4-9.4-9.4-24.6 0-33.9L207 39c9.4-9.4 24.6-9.4 33.9 0l194.3 194.3c9.4 9.4 9.4 24.6 0 33.9L413 289.4c-9.5 9.5-25 9.3-34.3-.4L264 168.6V456c0 13.3-10.7 24-24 24h-32c-13.3 0-24-10.7-24-24V168.6L69.2 289.1c-9.3 9.8-24.8 10-34.3.4z\"><\/path><\/svg>\t\t\t\t<\/span>\n\t\t\t<\/div>\n\t\t<\/div>\t\t\t\t<\/div>\n\t\t\t\t<\/div>\n\t\t\t\t\t<\/div>\n\t\t\t\t<\/div>\n\t\t\t\t<\/div>\n\t\t","protected":false},"excerpt":{"rendered":"<p>Nj\u00eb Prezantim i projekteve tona 22 June, 2025 Restorant Ylli Restorant Ylli N\u00eb ambientet e bar-restorant Yllit, jan\u00eb instaluar nj\u00ebsit\u00eb kaset\u00eb PLFY, t\u00eb cilat ofrojn\u00eb shp\u00ebrndarje t\u00eb balancuar t\u00eb ajrit n\u00eb kat\u00ebr drejtime dhe garantojn\u00eb efikasitet t\u00eb lart\u00eb n\u00eb ftohje dhe ngrohje.\u00a0 Nga ana tjet\u00ebr, nj\u00ebsit\u00eb e jashtme PUHY-P ofrojn\u00eb efikasitet t\u00eb lart\u00eb energjetik dhe [&hellip;]<\/p>\n","protected":false},"author":1,"featured_media":0,"parent":0,"menu_order":0,"comment_status":"closed","ping_status":"closed","template":"elementor_header_footer","meta":{"footnotes":""},"class_list":["post-588","page","type-page","status-publish","hentry"],"yoast_head":"<!-- This site is optimized with the Yoast SEO plugin v27.4 - https:\/\/yoast.com\/product\/yoast-seo-wordpress\/ -->\n<title>Projektet - Airplus<\/title>\n<meta name=\"description\" content=\"Projekte profesionale t\u00eb sistemeve t\u00eb kondicionimit nga Airplus n\u00eb Sh\u00ebngjin dhe Lezh\u00eb. Zgjidhje efikase p\u00ebr biznese dhe rezidenca...\" \/>\n<meta name=\"robots\" content=\"index, follow, max-snippet:-1, max-image-preview:large, max-video-preview:-1\" \/>\n<link rel=\"canonical\" href=\"https:\/\/airplus-al.com\/en\/projektet\/\" \/>\n<meta property=\"og:locale\" content=\"en_GB\" \/>\n<meta property=\"og:type\" content=\"article\" \/>\n<meta property=\"og:title\" content=\"Projektet - Airplus\" \/>\n<meta property=\"og:description\" content=\"Projekte profesionale t\u00eb sistemeve t\u00eb kondicionimit nga Airplus n\u00eb Sh\u00ebngjin dhe Lezh\u00eb. Zgjidhje efikase p\u00ebr biznese dhe rezidenca...\" \/>\n<meta property=\"og:url\" content=\"https:\/\/airplus-al.com\/en\/projektet\/\" \/>\n<meta property=\"og:site_name\" content=\"Airplus\" \/>\n<meta property=\"article:modified_time\" content=\"2025-12-15T18:43:49+00:00\" \/>\n<meta name=\"twitter:card\" content=\"summary_large_image\" \/>\n<meta name=\"twitter:label1\" content=\"Estimated reading time\" \/>\n\t<meta name=\"twitter:data1\" content=\"1 minute\" \/>\n<script type=\"application\/ld+json\" class=\"yoast-schema-graph\">{\"@context\":\"https:\\\/\\\/schema.org\",\"@graph\":[{\"@type\":\"WebPage\",\"@id\":\"https:\\\/\\\/airplus-al.com\\\/projektet\\\/\",\"url\":\"https:\\\/\\\/airplus-al.com\\\/projektet\\\/\",\"name\":\"Projektet - Airplus\",\"isPartOf\":{\"@id\":\"https:\\\/\\\/airplus-al.com\\\/#website\"},\"datePublished\":\"2025-06-22T12:49:48+00:00\",\"dateModified\":\"2025-12-15T18:43:49+00:00\",\"description\":\"Projekte profesionale t\u00eb sistemeve t\u00eb kondicionimit nga Airplus n\u00eb Sh\u00ebngjin dhe Lezh\u00eb. Zgjidhje efikase p\u00ebr biznese dhe rezidenca...\",\"breadcrumb\":{\"@id\":\"https:\\\/\\\/airplus-al.com\\\/projektet\\\/#breadcrumb\"},\"inLanguage\":\"en-GB\",\"potentialAction\":[{\"@type\":\"ReadAction\",\"target\":[\"https:\\\/\\\/airplus-al.com\\\/projektet\\\/\"]}]},{\"@type\":\"BreadcrumbList\",\"@id\":\"https:\\\/\\\/airplus-al.com\\\/projektet\\\/#breadcrumb\",\"itemListElement\":[{\"@type\":\"ListItem\",\"position\":1,\"name\":\"Home\",\"item\":\"https:\\\/\\\/airplus-al.com\\\/\"},{\"@type\":\"ListItem\",\"position\":2,\"name\":\"Projektet\"}]},{\"@type\":\"WebSite\",\"@id\":\"https:\\\/\\\/airplus-al.com\\\/#website\",\"url\":\"https:\\\/\\\/airplus-al.com\\\/\",\"name\":\"Airplus\",\"description\":\"Klima ideale p\u00ebr \u00e7do stin\u00eb\",\"potentialAction\":[{\"@type\":\"SearchAction\",\"target\":{\"@type\":\"EntryPoint\",\"urlTemplate\":\"https:\\\/\\\/airplus-al.com\\\/?s={search_term_string}\"},\"query-input\":{\"@type\":\"PropertyValueSpecification\",\"valueRequired\":true,\"valueName\":\"search_term_string\"}}],\"inLanguage\":\"en-GB\"}]}<\/script>\n<!-- \/ Yoast SEO plugin. -->","yoast_head_json":{"title":"Projektet - Airplus","description":"Projekte profesionale t\u00eb sistemeve t\u00eb kondicionimit nga Airplus n\u00eb Sh\u00ebngjin dhe Lezh\u00eb. Zgjidhje efikase p\u00ebr biznese dhe rezidenca...","robots":{"index":"index","follow":"follow","max-snippet":"max-snippet:-1","max-image-preview":"max-image-preview:large","max-video-preview":"max-video-preview:-1"},"canonical":"https:\/\/airplus-al.com\/en\/projektet\/","og_locale":"en_GB","og_type":"article","og_title":"Projektet - Airplus","og_description":"Projekte profesionale t\u00eb sistemeve t\u00eb kondicionimit nga Airplus n\u00eb Sh\u00ebngjin dhe Lezh\u00eb. Zgjidhje efikase p\u00ebr biznese dhe rezidenca...","og_url":"https:\/\/airplus-al.com\/en\/projektet\/","og_site_name":"Airplus","article_modified_time":"2025-12-15T18:43:49+00:00","twitter_card":"summary_large_image","twitter_misc":{"Estimated reading time":"1 minute"},"schema":{"@context":"https:\/\/schema.org","@graph":[{"@type":"WebPage","@id":"https:\/\/airplus-al.com\/projektet\/","url":"https:\/\/airplus-al.com\/projektet\/","name":"Projektet - Airplus","isPartOf":{"@id":"https:\/\/airplus-al.com\/#website"},"datePublished":"2025-06-22T12:49:48+00:00","dateModified":"2025-12-15T18:43:49+00:00","description":"Projekte profesionale t\u00eb sistemeve t\u00eb kondicionimit nga Airplus n\u00eb Sh\u00ebngjin dhe Lezh\u00eb. Zgjidhje efikase p\u00ebr biznese dhe rezidenca...","breadcrumb":{"@id":"https:\/\/airplus-al.com\/projektet\/#breadcrumb"},"inLanguage":"en-GB","potentialAction":[{"@type":"ReadAction","target":["https:\/\/airplus-al.com\/projektet\/"]}]},{"@type":"BreadcrumbList","@id":"https:\/\/airplus-al.com\/projektet\/#breadcrumb","itemListElement":[{"@type":"ListItem","position":1,"name":"Home","item":"https:\/\/airplus-al.com\/"},{"@type":"ListItem","position":2,"name":"Projektet"}]},{"@type":"WebSite","@id":"https:\/\/airplus-al.com\/#website","url":"https:\/\/airplus-al.com\/","name":"Airplus","description":"Ideal Choice for every season","potentialAction":[{"@type":"SearchAction","target":{"@type":"EntryPoint","urlTemplate":"https:\/\/airplus-al.com\/?s={search_term_string}"},"query-input":{"@type":"PropertyValueSpecification","valueRequired":true,"valueName":"search_term_string"}}],"inLanguage":"en-GB"}]}},"_links":{"self":[{"href":"https:\/\/airplus-al.com\/en\/wp-json\/wp\/v2\/pages\/588","targetHints":{"allow":["GET"]}}],"collection":[{"href":"https:\/\/airplus-al.com\/en\/wp-json\/wp\/v2\/pages"}],"about":[{"href":"https:\/\/airplus-al.com\/en\/wp-json\/wp\/v2\/types\/page"}],"author":[{"embeddable":true,"href":"https:\/\/airplus-al.com\/en\/wp-json\/wp\/v2\/users\/1"}],"replies":[{"embeddable":true,"href":"https:\/\/airplus-al.com\/en\/wp-json\/wp\/v2\/comments?post=588"}],"version-history":[{"count":37,"href":"https:\/\/airplus-al.com\/en\/wp-json\/wp\/v2\/pages\/588\/revisions"}],"predecessor-version":[{"id":960,"href":"https:\/\/airplus-al.com\/en\/wp-json\/wp\/v2\/pages\/588\/revisions\/960"}],"wp:attachment":[{"href":"https:\/\/airplus-al.com\/en\/wp-json\/wp\/v2\/media?parent=588"}],"curies":[{"name":"wp","href":"https:\/\/api.w.org\/{rel}","templated":true}]}}