{"id":14,"date":"2025-06-21T11:55:09","date_gmt":"2025-06-21T11:55:09","guid":{"rendered":"https:\/\/airplus-al.com\/cart\/"},"modified":"2025-06-23T13:32:32","modified_gmt":"2025-06-23T13:32:32","slug":"cart","status":"publish","type":"page","link":"https:\/\/airplus-al.com\/en\/cart\/","title":{"rendered":"Cart"},"content":{"rendered":"<div data-elementor-type=\"wp-page\" data-elementor-id=\"14\" class=\"elementor elementor-14\" data-elementor-post-type=\"page\">\n\t\t\t\t\t\t<section class=\"elementor-section elementor-top-section elementor-element elementor-element-1ccbc82a elementor-section-boxed elementor-section-height-default elementor-section-height-default\" data-id=\"1ccbc82a\" data-element_type=\"section\" data-e-type=\"section\" data-settings=\"{&quot;background_background&quot;:&quot;classic&quot;}\">\n\t\t\t\t\t\t\t<div class=\"elementor-background-overlay\"><\/div>\n\t\t\t\t\t\t\t<div class=\"elementor-container elementor-column-gap-default\">\n\t\t\t\t\t<div class=\"elementor-column elementor-col-100 elementor-top-column elementor-element elementor-element-28bbc425\" data-id=\"28bbc425\" data-element_type=\"column\" data-e-type=\"column\">\n\t\t\t<div class=\"elementor-widget-wrap elementor-element-populated\">\n\t\t\t\t\t\t<section class=\"elementor-section elementor-inner-section elementor-element elementor-element-7fbd2f0 elementor-section-boxed elementor-section-height-default elementor-section-height-default\" data-id=\"7fbd2f0\" data-element_type=\"section\" data-e-type=\"section\">\n\t\t\t\t\t\t<div class=\"elementor-container elementor-column-gap-default\">\n\t\t\t\t\t<div class=\"elementor-column elementor-col-100 elementor-inner-column elementor-element elementor-element-2f04c70\" data-id=\"2f04c70\" data-element_type=\"column\" data-e-type=\"column\">\n\t\t\t<div class=\"elementor-widget-wrap elementor-element-populated\">\n\t\t\t\t\t\t<div class=\"elementor-element elementor-element-644a4c6 elementor-widget elementor-widget-heading\" data-id=\"644a4c6\" data-element_type=\"widget\" data-e-type=\"widget\" data-widget_type=\"heading.default\">\n\t\t\t\t<div class=\"elementor-widget-container\">\n\t\t\t\t\t<h1 class=\"elementor-heading-title elementor-size-default\">Shporta<\/h1>\t\t\t\t<\/div>\n\t\t\t\t<\/div>\n\t\t\t\t\t<\/div>\n\t\t<\/div>\n\t\t\t\t\t<\/div>\n\t\t<\/section>\n\t\t\t\t\t<\/div>\n\t\t<\/div>\n\t\t\t\t\t<\/div>\n\t\t<\/section>\n\t\t\t\t<\/div>","protected":false},"excerpt":{"rendered":"<p>Shporta Remove item Thumbnail image Product Price Quantity Subtotal &times; 3AMW-42UARJC 83000&nbsp;L 3AMW-42UARJC quantity 83000&nbsp;L Apliko Kuponin e uljes Totali p\u00ebr tu paguar Subtotal 83000&nbsp;L Shipping Free shipping Shipping to Shijak, Durres, Lagjja Erzen, 12, Durres, Tirana, 2013. Change address Country \/ region Select a country \/ region&hellip;Albania State \/ County Select an option&hellip;BeratDib\u00ebrDurr\u00ebsElbasanFierGjirokast\u00ebrKor\u00e7\u00ebKuk\u00ebsLezh\u00ebShkod\u00ebrTiranaVlor\u00eb City: [&hellip;]<\/p>\n","protected":false},"author":1,"featured_media":0,"parent":0,"menu_order":0,"comment_status":"closed","ping_status":"closed","template":"elementor_header_footer","meta":{"footnotes":""},"class_list":["post-14","page","type-page","status-publish","hentry"],"yoast_head":"<!-- This site is optimized with the Yoast SEO plugin v27.5 - https:\/\/yoast.com\/product\/yoast-seo-wordpress\/ -->\n<title>Cart - Airplus<\/title>\n<meta name=\"robots\" content=\"index, follow, max-snippet:-1, max-image-preview:large, max-video-preview:-1\" \/>\n<link rel=\"canonical\" href=\"https:\/\/airplus-al.com\/en\/cart\/\" \/>\n<meta property=\"og:locale\" content=\"en_GB\" \/>\n<meta property=\"og:type\" content=\"article\" \/>\n<meta property=\"og:title\" content=\"Cart - Airplus\" \/>\n<meta property=\"og:description\" content=\"Shporta Remove item Thumbnail image Product Price Quantity Subtotal &times; 3AMW-42UARJC 83000&nbsp;L 3AMW-42UARJC quantity 83000&nbsp;L Apliko Kuponin e uljes Totali p\u00ebr tu paguar Subtotal 83000&nbsp;L Shipping Free shipping Shipping to Shijak, Durres, Lagjja Erzen, 12, Durres, Tirana, 2013. Change address Country \/ region Select a country \/ region&hellip;Albania State \/ County Select an option&hellip;BeratDib\u00ebrDurr\u00ebsElbasanFierGjirokast\u00ebrKor\u00e7\u00ebKuk\u00ebsLezh\u00ebShkod\u00ebrTiranaVlor\u00eb City: [&hellip;]\" \/>\n<meta property=\"og:url\" content=\"https:\/\/airplus-al.com\/en\/cart\/\" \/>\n<meta property=\"og:site_name\" content=\"Airplus\" \/>\n<meta property=\"article:modified_time\" content=\"2025-06-23T13:32:32+00:00\" \/>\n<meta property=\"og:image\" content=\"https:\/\/airplus-al.com\/wp-content\/uploads\/2025\/06\/3AMW-42UARJC-300x300.jpg\" \/>\n<meta name=\"twitter:card\" content=\"summary_large_image\" \/>\n<script type=\"application\/ld+json\" class=\"yoast-schema-graph\">{\"@context\":\"https:\\\/\\\/schema.org\",\"@graph\":[{\"@type\":\"WebPage\",\"@id\":\"https:\\\/\\\/airplus-al.com\\\/cart\\\/\",\"url\":\"https:\\\/\\\/airplus-al.com\\\/cart\\\/\",\"name\":\"Cart - Airplus\",\"isPartOf\":{\"@id\":\"https:\\\/\\\/airplus-al.com\\\/#website\"},\"primaryImageOfPage\":{\"@id\":\"https:\\\/\\\/airplus-al.com\\\/cart\\\/#primaryimage\"},\"image\":{\"@id\":\"https:\\\/\\\/airplus-al.com\\\/cart\\\/#primaryimage\"},\"thumbnailUrl\":\"https:\\\/\\\/airplus-al.com\\\/wp-content\\\/uploads\\\/2025\\\/06\\\/3AMW-42UARJC-300x300.jpg\",\"datePublished\":\"2025-06-21T11:55:09+00:00\",\"dateModified\":\"2025-06-23T13:32:32+00:00\",\"breadcrumb\":{\"@id\":\"https:\\\/\\\/airplus-al.com\\\/cart\\\/#breadcrumb\"},\"inLanguage\":\"en-GB\",\"potentialAction\":[{\"@type\":\"ReadAction\",\"target\":[\"https:\\\/\\\/airplus-al.com\\\/cart\\\/\"]}]},{\"@type\":\"ImageObject\",\"inLanguage\":\"en-GB\",\"@id\":\"https:\\\/\\\/airplus-al.com\\\/cart\\\/#primaryimage\",\"url\":\"https:\\\/\\\/airplus-al.com\\\/wp-content\\\/uploads\\\/2025\\\/06\\\/3AMW-42UARJC-300x300.jpg\",\"contentUrl\":\"https:\\\/\\\/airplus-al.com\\\/wp-content\\\/uploads\\\/2025\\\/06\\\/3AMW-42UARJC-300x300.jpg\"},{\"@type\":\"BreadcrumbList\",\"@id\":\"https:\\\/\\\/airplus-al.com\\\/cart\\\/#breadcrumb\",\"itemListElement\":[{\"@type\":\"ListItem\",\"position\":1,\"name\":\"Home\",\"item\":\"https:\\\/\\\/airplus-al.com\\\/\"},{\"@type\":\"ListItem\",\"position\":2,\"name\":\"Cart\"}]},{\"@type\":\"WebSite\",\"@id\":\"https:\\\/\\\/airplus-al.com\\\/#website\",\"url\":\"https:\\\/\\\/airplus-al.com\\\/\",\"name\":\"Airplus\",\"description\":\"Klima ideale p\u00ebr \u00e7do stin\u00eb\",\"potentialAction\":[{\"@type\":\"SearchAction\",\"target\":{\"@type\":\"EntryPoint\",\"urlTemplate\":\"https:\\\/\\\/airplus-al.com\\\/?s={search_term_string}\"},\"query-input\":{\"@type\":\"PropertyValueSpecification\",\"valueRequired\":true,\"valueName\":\"search_term_string\"}}],\"inLanguage\":\"en-GB\"}]}<\/script>\n<!-- \/ Yoast SEO plugin. -->","yoast_head_json":{"title":"Cart - Airplus","robots":{"index":"index","follow":"follow","max-snippet":"max-snippet:-1","max-image-preview":"max-image-preview:large","max-video-preview":"max-video-preview:-1"},"canonical":"https:\/\/airplus-al.com\/en\/cart\/","og_locale":"en_GB","og_type":"article","og_title":"Cart - Airplus","og_description":"Shporta Remove item Thumbnail image Product Price Quantity Subtotal &times; 3AMW-42UARJC 83000&nbsp;L 3AMW-42UARJC quantity 83000&nbsp;L Apliko Kuponin e uljes Totali p\u00ebr tu paguar Subtotal 83000&nbsp;L Shipping Free shipping Shipping to Shijak, Durres, Lagjja Erzen, 12, Durres, Tirana, 2013. Change address Country \/ region Select a country \/ region&hellip;Albania State \/ County Select an option&hellip;BeratDib\u00ebrDurr\u00ebsElbasanFierGjirokast\u00ebrKor\u00e7\u00ebKuk\u00ebsLezh\u00ebShkod\u00ebrTiranaVlor\u00eb City: [&hellip;]","og_url":"https:\/\/airplus-al.com\/en\/cart\/","og_site_name":"Airplus","article_modified_time":"2025-06-23T13:32:32+00:00","og_image":[{"url":"https:\/\/airplus-al.com\/wp-content\/uploads\/2025\/06\/3AMW-42UARJC-300x300.jpg","type":"","width":"","height":""}],"twitter_card":"summary_large_image","schema":{"@context":"https:\/\/schema.org","@graph":[{"@type":"WebPage","@id":"https:\/\/airplus-al.com\/cart\/","url":"https:\/\/airplus-al.com\/cart\/","name":"Cart - Airplus","isPartOf":{"@id":"https:\/\/airplus-al.com\/#website"},"primaryImageOfPage":{"@id":"https:\/\/airplus-al.com\/cart\/#primaryimage"},"image":{"@id":"https:\/\/airplus-al.com\/cart\/#primaryimage"},"thumbnailUrl":"https:\/\/airplus-al.com\/wp-content\/uploads\/2025\/06\/3AMW-42UARJC-300x300.jpg","datePublished":"2025-06-21T11:55:09+00:00","dateModified":"2025-06-23T13:32:32+00:00","breadcrumb":{"@id":"https:\/\/airplus-al.com\/cart\/#breadcrumb"},"inLanguage":"en-GB","potentialAction":[{"@type":"ReadAction","target":["https:\/\/airplus-al.com\/cart\/"]}]},{"@type":"ImageObject","inLanguage":"en-GB","@id":"https:\/\/airplus-al.com\/cart\/#primaryimage","url":"https:\/\/airplus-al.com\/wp-content\/uploads\/2025\/06\/3AMW-42UARJC-300x300.jpg","contentUrl":"https:\/\/airplus-al.com\/wp-content\/uploads\/2025\/06\/3AMW-42UARJC-300x300.jpg"},{"@type":"BreadcrumbList","@id":"https:\/\/airplus-al.com\/cart\/#breadcrumb","itemListElement":[{"@type":"ListItem","position":1,"name":"Home","item":"https:\/\/airplus-al.com\/"},{"@type":"ListItem","position":2,"name":"Cart"}]},{"@type":"WebSite","@id":"https:\/\/airplus-al.com\/#website","url":"https:\/\/airplus-al.com\/","name":"Airplus","description":"Ideal Choice for every season","potentialAction":[{"@type":"SearchAction","target":{"@type":"EntryPoint","urlTemplate":"https:\/\/airplus-al.com\/?s={search_term_string}"},"query-input":{"@type":"PropertyValueSpecification","valueRequired":true,"valueName":"search_term_string"}}],"inLanguage":"en-GB"}]}},"_links":{"self":[{"href":"https:\/\/airplus-al.com\/en\/wp-json\/wp\/v2\/pages\/14","targetHints":{"allow":["GET"]}}],"collection":[{"href":"https:\/\/airplus-al.com\/en\/wp-json\/wp\/v2\/pages"}],"about":[{"href":"https:\/\/airplus-al.com\/en\/wp-json\/wp\/v2\/types\/page"}],"author":[{"embeddable":true,"href":"https:\/\/airplus-al.com\/en\/wp-json\/wp\/v2\/users\/1"}],"replies":[{"embeddable":true,"href":"https:\/\/airplus-al.com\/en\/wp-json\/wp\/v2\/comments?post=14"}],"version-history":[{"count":22,"href":"https:\/\/airplus-al.com\/en\/wp-json\/wp\/v2\/pages\/14\/revisions"}],"predecessor-version":[{"id":701,"href":"https:\/\/airplus-al.com\/en\/wp-json\/wp\/v2\/pages\/14\/revisions\/701"}],"wp:attachment":[{"href":"https:\/\/airplus-al.com\/en\/wp-json\/wp\/v2\/media?parent=14"}],"curies":[{"name":"wp","href":"https:\/\/api.w.org\/{rel}","templated":true}]}}